{"id":142,"date":"2021-05-21T09:02:40","date_gmt":"2021-05-21T12:02:40","guid":{"rendered":"https:\/\/www.goiania.go.gov.br\/arg\/?page_id=142"},"modified":"2021-12-03T15:11:32","modified_gmt":"2021-12-03T18:11:32","slug":"consulta-publica-2o-ciclo-de-revisao-tarifaria-da-saneamento-de-goias-s-a","status":"publish","type":"page","link":"https:\/\/www.goiania.go.gov.br\/arg\/consulta-publica-2o-ciclo-de-revisao-tarifaria-da-saneamento-de-goias-s-a\/","title":{"rendered":"Consulta P\u00fablica 2\u00ba Ciclo de Revis\u00e3o Tarif\u00e1ria da Saneamento de Goi\u00e1s S.A."},"content":{"rendered":"\n<h3 class=\"wp-block-heading\">Avisos<\/h3>\n\n\n\n<ul class=\"wp-block-list\"><li><a rel=\"noreferrer noopener\" href=\"https:\/\/www.goiania.go.gov.br\/arg\/wp-content\/uploads\/sites\/19\/2021\/11\/Aviso-Diario-Oficial-Estadual..pdf\" target=\"_blank\">Aviso Di\u00e1rio Oficial Estadual<\/a><\/li><li><a href=\"https:\/\/www.goiania.go.gov.br\/arg\/wp-content\/uploads\/sites\/19\/2021\/11\/Aviso-Diario-Oficial-Municipal..pdf\">Aviso Di\u00e1rio Oficial Municipal<\/a><\/li><\/ul>\n\n\n\n<h3 class=\"wp-block-heading\">Notas T\u00e9cnicas<\/h3>\n\n\n\n<ul class=\"wp-block-list\"><li><a rel=\"noreferrer noopener\" href=\"https:\/\/www.goiania.go.gov.br\/arg\/wp-uploads\/sites\/19\/2021\/05\/Nota-Tecnica-Conjunta-no-2.2021-AGR-AR-Taxa-de-remuneracao-regulatoria.pdf\" target=\"_blank\">Nota T\u00e9cnica Conjunta n\u00ba 02\/2021 \u2013 AR\/AGR<\/a><\/li><li><a rel=\"noreferrer noopener\" href=\"https:\/\/www.goiania.go.gov.br\/arg\/wp-uploads\/sites\/19\/2021\/05\/Nota-Tecnica-Conjunta-no-3-AGR.AR-Metodologia-de-calculo.pdf\" target=\"_blank\">Nota T\u00e9cnica Conjunta n\u00ba 03\/2021 \u2013 AR\/AGR<\/a><\/li><li><a href=\"https:\/\/www.goiania.go.gov.br\/arg\/wp-content\/uploads\/sites\/19\/2021\/08\/Nota-Tecnica-Conjunta-no-6-AGR.AR-Metodologia-de-calculo.pdf\">Nota T\u00e9cnica Conjunta n\u00ba 06\/2021 \u2013 AR.AGR \u2013 Metodologia de C\u00e1lculo<\/a><\/li><li><a href=\"https:\/\/www.goiania.go.gov.br\/arg\/wp-content\/uploads\/sites\/19\/2021\/08\/Nota-Tecnica-Conjunta-no-7.2021-AGR-AR-Taxa-de-remuneracao-regulatoria.pdf\">Nota T\u00e9cnica Conjunta n\u00ba 07\/2021 \u2013 AR.AGR \u2013 Taxa de remunera\u00e7\u00e3o regulat\u00f3ria.<\/a><\/li><li><a href=\"https:\/\/www.goiania.go.gov.br\/arg\/wp-content\/uploads\/sites\/19\/2021\/11\/Nota-Tecnica-Conjunta-Preliminar-no-11.2021-AR.AGR-Proposta-de-calculo.pdf\">Nota T\u00e9cnica Conjunta n\u00ba 11\/2021 \u2013 AR.AGR \u2013 Proposta de C\u00e1lculo<\/a><\/li><\/ul>\n\n\n\n<h3 class=\"wp-block-heading\">Anexos<\/h3>\n\n\n\n<ul class=\"wp-block-list\"><li><a rel=\"noreferrer noopener\" href=\"https:\/\/www.goiania.go.gov.br\/arg\/wp-uploads\/sites\/19\/2021\/05\/WACC-Regulatorio.-Nota-Tecnica-Conjunta-no-2.2021-AGR.AR_.xlsx\" target=\"_blank\">WACC Regulat\u00f3rio. Nota T\u00e9cnica Conjunta n\u00ba 2.2021 AGR.AR<\/a><\/li><li><a href=\"https:\/\/www.goiania.go.gov.br\/arg\/wp-content\/uploads\/sites\/19\/2021\/11\/Revisao_Tarifaria_2021___PC001___Preliminar___29_10_21.xlsx\">Anexo I \u2013 Planilha Preliminar<\/a><\/li><li><a href=\"https:\/\/www.goiania.go.gov.br\/arg\/wp-content\/uploads\/sites\/19\/2021\/11\/Projecoes_Dados_Fisicos___29_10_21.xlsx\">Anexo II \u2013 Planilha Proje\u00e7\u00f5es<\/a><\/li><li><a href=\"https:\/\/www.goiania.go.gov.br\/arg\/wp-content\/uploads\/sites\/19\/2021\/11\/consolid_simulacoes_DEA___29_10_21.xlsx\">Anexo III \u2013 Planilha Simula\u00e7\u00f5es DEA<\/a><\/li><li><a href=\"https:\/\/www.goiania.go.gov.br\/arg\/wp-content\/uploads\/sites\/19\/2021\/11\/Aging_List___29_10_21.xlsx\">Anexo IV \u2013 Planilha Aging list<\/a><\/li><\/ul>\n\n\n\n<h3 class=\"wp-block-heading\">Regulamento<\/h3>\n\n\n\n<ul class=\"wp-block-list\"><li><a href=\"https:\/\/www.goiania.go.gov.br\/arg\/wp-content\/uploads\/sites\/19\/2021\/11\/Regulamento-Consulta-Publica-no-09-2021.docx\">Regulamento da Consulta P\u00fablica<\/a><\/li><\/ul>\n\n\n\n<h3 class=\"wp-block-heading\">Formul\u00e1rio para participa\u00e7\u00e3o<\/h3>\n\n\n\n<ul class=\"wp-block-list\"><li><a href=\"https:\/\/www.goiania.go.gov.br\/arg\/wp-content\/uploads\/sites\/19\/2021\/11\/Formulario-Consulta-Publica-no-09-2021.docx\" data-type=\"URL\" target=\"_blank\" rel=\"noreferrer noopener\">Formul\u00e1rio<\/a><\/li><\/ul>\n\n\n\n<h3 class=\"wp-block-heading\">Of\u00edcios<\/h3>\n\n\n\n<ul class=\"wp-block-list\"><li><a rel=\"noreferrer noopener\" href=\"https:\/\/www.goiania.go.gov.br\/arg\/wp-uploads\/sites\/19\/2021\/05\/Oficio-Conjunto-no-6.2021-AGR.AR-MP.pdf\" target=\"_blank\">Of\u00edcio Conjunto n\u00ba 6.2021 AGR.AR &#8211; MP<\/a><\/li><li><a rel=\"noreferrer noopener\" href=\"https:\/\/www.goiania.go.gov.br\/arg\/wp-uploads\/sites\/19\/2021\/05\/Oficio-Conjunto-no-7.2021-AGR.AR-Procon-Goiania.pdf\" target=\"_blank\">Of\u00edcio Conjunto n\u00ba 7.2021 AGR.AR &#8211; Procon Goi\u00e2nia<\/a><\/li><li><a rel=\"noreferrer noopener\" href=\"https:\/\/www.goiania.go.gov.br\/arg\/wp-uploads\/sites\/19\/2021\/05\/Oficio-Conjunto-no-8.2021-AGR.AR-Procon-Goias.pdf\" target=\"_blank\">Of\u00edcio Conjunto n\u00ba 8.2021 AGR.AR &#8211; Procon Goi\u00e1s<\/a><\/li><li><a href=\"https:\/\/www.goiania.go.gov.br\/arg\/wp-uploads\/sites\/19\/2021\/06\/Oficio-Conjunto-no-12.2021-AGR.AR-MP.pdf\">Of\u00edcio Conjunto n\u00b0 12 AGR.AR MP<\/a><\/li><li><a href=\"https:\/\/www.goiania.go.gov.br\/arg\/wp-uploads\/sites\/19\/2021\/06\/Oficio-Conjunto-no-13.2021-AGR.AR-PROCON-Goiania.pdf\">Of\u00edcio Conjunto n\u00b0 13.2021 AGR.AR &#8211; Procon Goi\u00e2nia<\/a><\/li><li><a href=\"https:\/\/www.goiania.go.gov.br\/arg\/wp-uploads\/sites\/19\/2021\/06\/Oficio-Conjunto-no-14.2021-AGR.AR-PROCON-Goias.pdf\">Of\u00edcio Conjunto n\u00ba 14.2021 AGR.AR &#8211; Procon Goi\u00e1s<\/a><\/li><li><a href=\"https:\/\/www.goiania.go.gov.br\/arg\/wp-content\/uploads\/sites\/19\/2021\/11\/Oficio-Conjunto-no-38.2021-AR.AGR-Procon-Goias.pdf\">Of\u00edcio Conjunto n\u00ba 38.2021 \u2013 AR.AGR Procon Goi\u00e1s<\/a><\/li><li><a href=\"https:\/\/www.goiania.go.gov.br\/arg\/wp-content\/uploads\/sites\/19\/2021\/11\/Oficio-Conjunto-no-39.2021-AR.AGR-Procon-Goiania.pdf\">Of\u00edcio Conjunto n\u00ba 39.2021 \u2013 AR.AGR Procon Goi\u00e2nia<\/a><\/li><li><a href=\"https:\/\/www.goiania.go.gov.br\/arg\/wp-content\/uploads\/sites\/19\/2021\/11\/Oficio-Conjunto-no-40.2021-AR.AGR-MP.pdf\">Of\u00edcio Conjunto n\u00ba 40.2021 \u2013 AR.AGR MP<\/a><\/li><li><a href=\"https:\/\/www.goiania.go.gov.br\/arg\/wp-content\/uploads\/sites\/19\/2021\/11\/Oficio-Conjunto-no-42.2021-AR.AGR-Saneago.pdf\">Of\u00edcio Conjunto n\u00ba 42.2021 &#8211; Saneago<\/a><\/li><\/ul>\n\n\n\n<h3 class=\"wp-block-heading\">Cronograma<\/h3>\n\n\n\n<ul class=\"wp-block-list\"><li><a href=\"https:\/\/www.goiania.go.gov.br\/arg\/wp-uploads\/sites\/19\/2021\/06\/Cronograma-atualizado.pdf\">Cronograma Atualizado<\/a><\/li><\/ul>\n\n\n\n<h3 class=\"wp-block-heading\">Contribui\u00e7\u00f5es<\/h3>\n\n\n\n<ul class=\"wp-block-list\"><li><a href=\"https:\/\/www.goiania.go.gov.br\/arg\/wp-uploads\/sites\/19\/2021\/07\/Sugestoes-Saneago-Nota-Tecnica-Conjunta-no-02.2021.pdf\">Sugest\u00f5es Saneago Nota T\u00e9cnica Conjunta n\u00ba 02\/2021 \u2013 AGR.AR<\/a><\/li><li><a href=\"https:\/\/www.goiania.go.gov.br\/arg\/wp-uploads\/sites\/19\/2021\/07\/Sugestoes-Saneago-Nota-Tecnica-Conjunta-no-03.2021.pdf\">Sugest\u00f5es Saneago Nota T\u00e9cnica Conjunta n\u00ba 03\/2021 \u2013 AGR.AR<\/a><\/li><\/ul>\n\n\n\n<h3 class=\"wp-block-heading\">Relat\u00f3rio<\/h3>\n\n\n\n<ul class=\"wp-block-list\"><li><a href=\"https:\/\/www.goiania.go.gov.br\/arg\/wp-uploads\/sites\/19\/2021\/07\/Relatorio-Conjunto-no-3-AGR.AR-Consulta-Publica-Revisao-Tarifaria.pdf\">Relat\u00f3rio Conjunto n\u00ba 03.2021 \u2013 AGR.AR<\/a><\/li><\/ul>\n\n\n\n<h3 class=\"wp-block-heading\">Resolu\u00e7\u00e3o<\/h3>\n\n\n\n<ul class=\"wp-block-list\"><li><a href=\"https:\/\/www.goiania.go.gov.br\/arg\/wp-content\/uploads\/sites\/19\/2021\/08\/Resolucao-Normativa-Conjunta-no-001.2021-dom_20210730_000007606-1.pdf\">Resolu\u00e7\u00e3o Normativa Conjunta n\u00ba 001.2021<\/a><\/li><li><a href=\"https:\/\/www.goiania.go.gov.br\/arg\/wp-content\/uploads\/sites\/19\/2021\/08\/Resolucao-Normativa-002.2021-DOM_20210809_000007612.pdf\">Resolu\u00e7\u00e3o Normativa Conjunta n\u00ba 002.2021<\/a><\/li><\/ul>\n\n\n\n<h3 class=\"wp-block-heading\">Contribui\u00e7\u00f5es<\/h3>\n\n\n\n<ul class=\"wp-block-list\"><li><a href=\"https:\/\/www.goiania.go.gov.br\/arg\/wp-content\/uploads\/sites\/19\/2021\/12\/Sugestoes-Saneago-Nota-Tecnica-Preliminar-no-11.2021-AR.AGR_.pdf\">Sugest\u00f5es Saneago Nota T\u00e9cnica Preliminar n\u00ba 11.2021 \u2013 AR.AGR<\/a><\/li><\/ul>\n\n\n\n<p><\/p>\n","protected":false},"excerpt":{"rendered":"<p>Avisos Aviso Di\u00e1rio Oficial Estadual Aviso Di\u00e1rio Oficial Municipal Notas T\u00e9cnicas Nota T\u00e9cnica Conjunta n\u00ba 02\/2021 \u2013 AR\/AGR Nota T\u00e9cnica Conjunta n\u00ba 03\/2021 \u2013 AR\/AGR Nota T\u00e9cnica Conjunta n\u00ba 06\/2021 \u2013 AR.AGR \u2013 Metodologia de C\u00e1lculo Nota T\u00e9cnica Conjunta n\u00ba 07\/2021 \u2013 AR.AGR \u2013 Taxa de remunera\u00e7\u00e3o regulat\u00f3ria. Nota T\u00e9cnica Conjunta n\u00ba 11\/2021 \u2013 AR.AGR [&hellip;]<\/p>\n","protected":false},"author":1,"featured_media":0,"parent":0,"menu_order":10,"comment_status":"closed","ping_status":"closed","template":"","meta":{"_acf_changed":false,"custom_icon_class":"","footnotes":""},"class_list":["post-142","page","type-page","status-publish","hentry"],"acf":[],"_links":{"self":[{"href":"https:\/\/www.goiania.go.gov.br\/arg\/wp-json\/wp\/v2\/pages\/142","targetHints":{"allow":["GET"]}}],"collection":[{"href":"https:\/\/www.goiania.go.gov.br\/arg\/wp-json\/wp\/v2\/pages"}],"about":[{"href":"https:\/\/www.goiania.go.gov.br\/arg\/wp-json\/wp\/v2\/types\/page"}],"author":[{"embeddable":true,"href":"https:\/\/www.goiania.go.gov.br\/arg\/wp-json\/wp\/v2\/users\/1"}],"replies":[{"embeddable":true,"href":"https:\/\/www.goiania.go.gov.br\/arg\/wp-json\/wp\/v2\/comments?post=142"}],"version-history":[{"count":10,"href":"https:\/\/www.goiania.go.gov.br\/arg\/wp-json\/wp\/v2\/pages\/142\/revisions"}],"predecessor-version":[{"id":292,"href":"https:\/\/www.goiania.go.gov.br\/arg\/wp-json\/wp\/v2\/pages\/142\/revisions\/292"}],"wp:attachment":[{"href":"https:\/\/www.goiania.go.gov.br\/arg\/wp-json\/wp\/v2\/media?parent=142"}],"curies":[{"name":"wp","href":"https:\/\/api.w.org\/{rel}","templated":true}]}}