{"id":1313,"date":"2026-04-27T10:26:22","date_gmt":"2026-04-27T13:26:22","guid":{"rendered":"https:\/\/www.goiania.go.gov.br\/arg\/?page_id=1313"},"modified":"2026-04-27T15:54:40","modified_gmt":"2026-04-27T18:54:40","slug":"audiencia-publica-no-03-2026","status":"publish","type":"page","link":"https:\/\/www.goiania.go.gov.br\/arg\/audiencias-publicas\/audiencia-publica-no-03-2026\/","title":{"rendered":"Audi\u00eancia P\u00fablica n\u00ba 03\/2026"},"content":{"rendered":"\n<p><strong>Aviso<\/strong><\/p>\n\n\n\n<p><a href=\"https:\/\/www.goiania.go.gov.br\/arg\/wp-content\/uploads\/sites\/19\/2026\/04\/SEI_10002315_Despacho_Titular_106.pdf\">Despacho 106\/2026<\/a><\/p>\n\n\n\n<p><strong>Formul\u00e1rio<\/strong><\/p>\n\n\n\n<ul class=\"wp-block-list\">\n<li><a href=\"https:\/\/forms.gle\/vgVzE8rKe2soK9PA7\" target=\"_blank\" rel=\"noreferrer noopener\">Formul\u00e1rio para Envio de Contribui\u00e7\u00f5es<\/a><\/li>\n<\/ul>\n\n\n\n<p><strong><strong>Diagn\u00f3sticos<\/strong><\/strong><\/p>\n\n\n\n<ul class=\"wp-block-list\">\n<li><a href=\"https:\/\/www.goiania.go.gov.br\/arg\/wp-content\/uploads\/sites\/19\/2026\/04\/Plano_de_acoes_PDDU_GYN.pdf\" target=\"_blank\" rel=\"noreferrer noopener\">Plano de a\u00e7\u00f5es para Drenagem Urbana em Goi\u00e2nia PDDU GYN<\/a><\/li>\n\n\n\n<li><a href=\"https:\/\/www.goiania.go.gov.br\/arg\/wp-content\/uploads\/sites\/19\/2026\/04\/PLANO-DE-EMERGENCIA-E-CONTIGENCIA.pdf\">Plano de emerg\u00eancia e conting\u00eancia &#8211; PEC<\/a><\/li>\n<\/ul>\n\n\n\n<p><strong><strong>Progn\u00f3stico<\/strong><\/strong><\/p>\n\n\n\n<p><a href=\"https:\/\/www.goiania.go.gov.br\/arg\/wp-content\/uploads\/sites\/19\/2026\/04\/Apendice_B___Acoes_Gerais.pdf\">Ap\u00eandice B &#8211; A\u00e7\u00f5es Gerais<\/a><\/p>\n\n\n\n<ul class=\"wp-block-list\">\n<li>Alto Anicuns\n<ul class=\"wp-block-list\">\n<li><a href=\"https:\/\/www.goiania.go.gov.br\/arg\/wp-content\/uploads\/sites\/19\/2026\/04\/Apendice_C___Painel_de_acoes_especificas_Alto_Anicuns.pdf\">Ap\u00eandice A Alto Anicuns &#8211; minuta<\/a><\/li>\n<\/ul>\n<\/li>\n\n\n\n<li>Barreio\n<ul class=\"wp-block-list\">\n<li><a href=\"https:\/\/www.goiania.go.gov.br\/arg\/wp-content\/uploads\/sites\/19\/2026\/04\/Apendice_C___Painel_de_acoes_especificas_Barreiro.pdf\">Ap\u00eandice A Barreiro &#8211; minuta<\/a><\/li>\n<\/ul>\n<\/li>\n\n\n\n<li>Baixo Meia Ponte\n<ul class=\"wp-block-list\">\n<li><a href=\"https:\/\/www.goiania.go.gov.br\/arg\/wp-content\/uploads\/sites\/19\/2026\/04\/Apendice_C___Painel_de_acoes_especificas_Baixo_MP.pdf\">Ap\u00eandice A Baixo Meia Ponte &#8211; minuta<\/a><\/li>\n<\/ul>\n<\/li>\n\n\n\n<li>Botafogo\n<ul class=\"wp-block-list\">\n<li><a href=\"https:\/\/www.goiania.go.gov.br\/arg\/wp-content\/uploads\/sites\/19\/2026\/04\/Apendice_C___Painel_de_acoes_especificas_Botafogo.pdf\">Ap\u00eandice A Botafogo &#8211; minuta<\/a><\/li>\n<\/ul>\n<\/li>\n\n\n\n<li>Cascavel\n<ul class=\"wp-block-list\">\n<li><a href=\"https:\/\/www.goiania.go.gov.br\/arg\/wp-content\/uploads\/sites\/19\/2026\/04\/Apendice_C___Painel_de_acoes_especificas_Cascavel.pdf\">Ap\u00eandice A cascavel &#8211; minuta<\/a><\/li>\n<\/ul>\n<\/li>\n\n\n\n<li>Caveiras\n<ul class=\"wp-block-list\">\n<li><a href=\"https:\/\/www.goiania.go.gov.br\/arg\/wp-content\/uploads\/sites\/19\/2026\/04\/Apendice_C___Painel_de_acoes_especificas_Caveiras.pdf\">Ap\u00eandice A Caveiras &#8211; minuta<\/a><\/li>\n<\/ul>\n<\/li>\n\n\n\n<li>Capivara\n<ul class=\"wp-block-list\">\n<li><a href=\"https:\/\/www.goiania.go.gov.br\/arg\/wp-content\/uploads\/sites\/19\/2026\/04\/Apendice_C___Painel_de_acoes_especificas_Capivara.pdf\">Ap\u00eandice A Capivara &#8211; minuta<\/a><\/li>\n<\/ul>\n<\/li>\n\n\n\n<li>Jo\u00e3o Leite\n<ul class=\"wp-block-list\">\n<li><a href=\"https:\/\/www.goiania.go.gov.br\/arg\/wp-content\/uploads\/sites\/19\/2026\/04\/Apendice_C___Painel_de_acoes_especificas_Joao_Leite.pdf\">Ap\u00eandice A Jo\u00e3o Leite &#8211; minuta<\/a><\/li>\n<\/ul>\n<\/li>\n\n\n\n<li>Lajeado\n<ul class=\"wp-block-list\">\n<li><a href=\"https:\/\/www.goiania.go.gov.br\/arg\/wp-content\/uploads\/sites\/19\/2026\/04\/Apendice_C___Painel_de_acoes_especificas_Lajeado.pdf\">Ap\u00eandice A Lajeado &#8211; minuta<\/a><\/li>\n<\/ul>\n<\/li>\n\n\n\n<li>Macambira\n<ul class=\"wp-block-list\">\n<li><a href=\"https:\/\/www.goiania.go.gov.br\/arg\/wp-content\/uploads\/sites\/19\/2026\/04\/Apendice_C___Painel_de_acoes_especificas_Macambira.pdf\">Ap\u00eandice A Macambira minuta<\/a><\/li>\n<\/ul>\n<\/li>\n\n\n\n<li>S\u00e3o Domingos\n<ul class=\"wp-block-list\">\n<li><a href=\"https:\/\/www.goiania.go.gov.br\/arg\/wp-content\/uploads\/sites\/19\/2026\/04\/Apendice_C___Painel_de_acoes_especificas_Sao_Domingos.pdf\">Ap\u00eandice A S\u00e3o Domingos &#8211; minuta<\/a><\/li>\n<\/ul>\n<\/li>\n\n\n\n<li>Samambaia\n<ul class=\"wp-block-list\">\n<li><a href=\"https:\/\/www.goiania.go.gov.br\/arg\/wp-content\/uploads\/sites\/19\/2026\/04\/Apendice_C___Painel_de_acoes_especificas_Samambaia.pdf\">Ap\u00eandice A Samambaia &#8211; minuta<\/a><\/li>\n<\/ul>\n<\/li>\n\n\n\n<li>Taquaral\n<ul class=\"wp-block-list\">\n<li><a href=\"https:\/\/www.goiania.go.gov.br\/arg\/wp-content\/uploads\/sites\/19\/2026\/04\/Apendice_C___Painel_de_acoes_especificas_Taquaral.pdf\">Ap\u00eandice A Taquaral &#8211; minuta<\/a><\/li>\n<\/ul>\n<\/li>\n<\/ul>\n","protected":false},"excerpt":{"rendered":"<p>Aviso Despacho 106\/2026 Formul\u00e1rio Diagn\u00f3sticos Progn\u00f3stico Ap\u00eandice B &#8211; A\u00e7\u00f5es Gerais<\/p>\n","protected":false},"author":1,"featured_media":0,"parent":604,"menu_order":0,"comment_status":"closed","ping_status":"closed","template":"","meta":{"_acf_changed":false,"custom_icon_class":"","footnotes":""},"class_list":["post-1313","page","type-page","status-publish","hentry"],"acf":[],"_links":{"self":[{"href":"https:\/\/www.goiania.go.gov.br\/arg\/wp-json\/wp\/v2\/pages\/1313","targetHints":{"allow":["GET"]}}],"collection":[{"href":"https:\/\/www.goiania.go.gov.br\/arg\/wp-json\/wp\/v2\/pages"}],"about":[{"href":"https:\/\/www.goiania.go.gov.br\/arg\/wp-json\/wp\/v2\/types\/page"}],"author":[{"embeddable":true,"href":"https:\/\/www.goiania.go.gov.br\/arg\/wp-json\/wp\/v2\/users\/1"}],"replies":[{"embeddable":true,"href":"https:\/\/www.goiania.go.gov.br\/arg\/wp-json\/wp\/v2\/comments?post=1313"}],"version-history":[{"count":10,"href":"https:\/\/www.goiania.go.gov.br\/arg\/wp-json\/wp\/v2\/pages\/1313\/revisions"}],"predecessor-version":[{"id":1370,"href":"https:\/\/www.goiania.go.gov.br\/arg\/wp-json\/wp\/v2\/pages\/1313\/revisions\/1370"}],"up":[{"embeddable":true,"href":"https:\/\/www.goiania.go.gov.br\/arg\/wp-json\/wp\/v2\/pages\/604"}],"wp:attachment":[{"href":"https:\/\/www.goiania.go.gov.br\/arg\/wp-json\/wp\/v2\/media?parent=1313"}],"curies":[{"name":"wp","href":"https:\/\/api.w.org\/{rel}","templated":true}]}}