{"id":1266,"date":"2026-04-17T16:04:34","date_gmt":"2026-04-17T19:04:34","guid":{"rendered":"https:\/\/www.goiania.go.gov.br\/arg\/?page_id=1266"},"modified":"2026-04-17T17:05:19","modified_gmt":"2026-04-17T20:05:19","slug":"consulta-publica-no001-2026","status":"publish","type":"page","link":"https:\/\/www.goiania.go.gov.br\/arg\/consultas-publicas\/consulta-publica-no001-2026\/","title":{"rendered":"Consulta P\u00fablica n\u00ba001\/2026"},"content":{"rendered":"\n<p><strong>Aviso<\/strong><\/p>\n\n\n\n<ul class=\"wp-block-list\">\n<li><a href=\"https:\/\/www.goiania.go.gov.br\/arg\/wp-content\/uploads\/sites\/19\/2026\/04\/AVISO-DE-CONSULTA-PUBLICA-CONJUNTA-No001-2026.pdf\">Aviso Consulta P\u00fablica Conjunta n\u00ba 001\/2026<\/a><\/li>\n<\/ul>\n\n\n\n<p><strong>Nota T\u00e9cnica <\/strong><\/p>\n\n\n\n<ul class=\"wp-block-list\">\n<li><a href=\"https:\/\/www.goiania.go.gov.br\/arg\/wp-content\/uploads\/sites\/19\/2026\/04\/NOTA-TECNICA-CONJUNTA-No2-2026.pdf\">Nota T\u00e9cnica Conjunta N\u00ba: 2\/2026\/AGR\/GESB-06090 &#8211; AGR\/AR\/ARM\/AMAE<\/a><\/li>\n<\/ul>\n\n\n\n<p><strong>Formul\u00e1rio <\/strong><\/p>\n\n\n\n<ul class=\"wp-block-list\">\n<li><a href=\"https:\/\/www.goiania.go.gov.br\/arg\/wp-content\/uploads\/sites\/19\/2026\/04\/FORMULARIO-PARA-ENVIO-DE-CONTRIBUICOES.pdf\">Formul\u00e1rio para envio de contribui\u00e7\u00f5es em consulta p\u00fablica<\/a><\/li>\n<\/ul>\n\n\n\n<p><strong>Minuta<\/strong><\/p>\n\n\n\n<ul class=\"wp-block-list\">\n<li><a href=\"https:\/\/www.goiania.go.gov.br\/arg\/wp-content\/uploads\/sites\/19\/2026\/04\/MINUTA-RESOLUCAO-CONJUNTA-AGR-AR-AMAE-ARM.pdf\">Minuta de resolu\u00e7\u00e3o conjunta n\u00ba xx\/2026 agr\/amae\/ar\/arm<\/a><\/li>\n<\/ul>\n\n\n\n<p><strong>Anexos<\/strong><\/p>\n\n\n\n<ul class=\"wp-block-list\">\n<li><a href=\"https:\/\/www.goiania.go.gov.br\/arg\/wp-content\/uploads\/sites\/19\/2026\/04\/ANEXO-I-FICHAS-INDICADORES-DE-NIVEL-I.pdf\">Anexo I \u2013 fichas indicadores de n\u00edvel I<\/a><\/li>\n\n\n\n<li><a href=\"https:\/\/www.goiania.go.gov.br\/arg\/wp-content\/uploads\/sites\/19\/2026\/04\/ANEXO-II-FICHAS-INDICADORES-DE-NIVEL-II.pdf\">Anexo II \u2013 fichas indicadores de n\u00edvel II<\/a><\/li>\n\n\n\n<li><a href=\"https:\/\/www.goiania.go.gov.br\/arg\/wp-content\/uploads\/sites\/19\/2026\/04\/ANEXO-III-FICHAS-INDICADORES-COMPLEMENTARES.pdf\">Anexo III \u2013 fichas de indicadores complementares<\/a><\/li>\n\n\n\n<li><a href=\"https:\/\/www.goiania.go.gov.br\/arg\/wp-content\/uploads\/sites\/19\/2026\/04\/ANEXO-IV-INFORMACOES-PRIMARIAS.pdf\">Anexo IV &#8211; informa\u00e7\u00f5es prim\u00e1rias<\/a><\/li>\n\n\n\n<li><a href=\"https:\/\/www.goiania.go.gov.br\/arg\/wp-content\/uploads\/sites\/19\/2026\/04\/ANEXO-V-AVALIACAO-INICIAL-DOS-INDICADORES-AGUA-E-ESGOTO.pdf\">Anexo V &#8211; avalia\u00e7\u00e3o inicial dos indicadores &#8211; \u00e1gua e esgoto<\/a><\/li>\n<\/ul>\n\n\n\n<p><strong>Of\u00edcios<\/strong><\/p>\n\n\n\n<ul class=\"wp-block-list\">\n<li><a href=\"https:\/\/www.goiania.go.gov.br\/arg\/wp-content\/uploads\/sites\/19\/2026\/04\/Oficio-Titular-n\u00b0-173-2026-MSB-Centro.pdf\">Oficio Titular n\u00ba 173-2026 &#8211; MSB Centro.pdf<\/a><\/li>\n\n\n\n<li><a href=\"https:\/\/www.goiania.go.gov.br\/arg\/wp-content\/uploads\/sites\/19\/2026\/04\/Oficio-Titular-n\u00b0-172-2026-SEINFRA-GO.pdf\">Oficio Titular n\u00ba 172-2026 &#8211; SEINFRA-GO.pdf<\/a><\/li>\n\n\n\n<li><a href=\"https:\/\/www.goiania.go.gov.br\/arg\/wp-content\/uploads\/sites\/19\/2026\/04\/Oficio-Titular-n\u00b0-170-2026-BRK-AMBIENTAL.pdf\">Oficio Titular n\u00ba 170-2026 &#8211; BRK AMBIENTAL.pdf<\/a><\/li>\n\n\n\n<li><a href=\"https:\/\/www.goiania.go.gov.br\/arg\/wp-content\/uploads\/sites\/19\/2026\/04\/Oficio-Titular-n\u00b0-171-2026-SANEAGO.pdf\">Oficio Titular n\u00ba 171-2026 &#8211; SANEAGO.pdf<\/a><\/li>\n\n\n\n<li><a href=\"https:\/\/www.goiania.go.gov.br\/arg\/wp-content\/uploads\/sites\/19\/2026\/04\/Oficio-Titular-n\u00b0-169-2026-PROCON-GOIANIA.pdf\">Oficio Titular n\u00ba 169-2026 &#8211; PROCON-GOI\u00c2NIA.pdf<\/a><\/li>\n\n\n\n<li><a href=\"https:\/\/www.goiania.go.gov.br\/arg\/wp-content\/uploads\/sites\/19\/2026\/04\/Oficio-Titular-n\u00b0-167-2026-MPGO.pdf\">Oficio Titular n\u00ba 167-2026 &#8211; MPGO.pdf<\/a><\/li>\n\n\n\n<li><a href=\"https:\/\/www.goiania.go.gov.br\/arg\/wp-content\/uploads\/sites\/19\/2026\/04\/Oficio-Titular-n\u00b0-168-2026-PROCON-GO.pdf\">Oficio Titular n\u00ba 168-2026 &#8211; PROCON-GO.pdf<\/a><\/li>\n\n\n\n<li><a href=\"https:\/\/www.goiania.go.gov.br\/arg\/wp-content\/uploads\/sites\/19\/2026\/04\/Oficio-Titular-n\u00b0-166-2026-SECOVI-GO.pdf\">Oficio Titular n\u00ba 166-2026 &#8211; SECOVI-GO.pdf<\/a><\/li>\n\n\n\n<li><a href=\"https:\/\/www.goiania.go.gov.br\/arg\/wp-content\/uploads\/sites\/19\/2026\/04\/Oficio-Titular-n\u00b0-165-2026-TCM-GO.pdf\">Oficio Titular n\u00ba 165-2026 &#8211; TCM-GO.pdf<\/a><\/li>\n<\/ul>\n\n\n\n<p><\/p>\n\n\n\n<p><\/p>\n","protected":false},"excerpt":{"rendered":"<p>Aviso Nota T\u00e9cnica Formul\u00e1rio Minuta Anexos Of\u00edcios<\/p>\n","protected":false},"author":1,"featured_media":0,"parent":332,"menu_order":0,"comment_status":"closed","ping_status":"closed","template":"","meta":{"_acf_changed":false,"custom_icon_class":"","footnotes":""},"class_list":["post-1266","page","type-page","status-publish","hentry"],"acf":[],"_links":{"self":[{"href":"https:\/\/www.goiania.go.gov.br\/arg\/wp-json\/wp\/v2\/pages\/1266","targetHints":{"allow":["GET"]}}],"collection":[{"href":"https:\/\/www.goiania.go.gov.br\/arg\/wp-json\/wp\/v2\/pages"}],"about":[{"href":"https:\/\/www.goiania.go.gov.br\/arg\/wp-json\/wp\/v2\/types\/page"}],"author":[{"embeddable":true,"href":"https:\/\/www.goiania.go.gov.br\/arg\/wp-json\/wp\/v2\/users\/1"}],"replies":[{"embeddable":true,"href":"https:\/\/www.goiania.go.gov.br\/arg\/wp-json\/wp\/v2\/comments?post=1266"}],"version-history":[{"count":10,"href":"https:\/\/www.goiania.go.gov.br\/arg\/wp-json\/wp\/v2\/pages\/1266\/revisions"}],"predecessor-version":[{"id":1306,"href":"https:\/\/www.goiania.go.gov.br\/arg\/wp-json\/wp\/v2\/pages\/1266\/revisions\/1306"}],"up":[{"embeddable":true,"href":"https:\/\/www.goiania.go.gov.br\/arg\/wp-json\/wp\/v2\/pages\/332"}],"wp:attachment":[{"href":"https:\/\/www.goiania.go.gov.br\/arg\/wp-json\/wp\/v2\/media?parent=1266"}],"curies":[{"name":"wp","href":"https:\/\/api.w.org\/{rel}","templated":true}]}}