{"id":1200,"date":"2025-07-29T11:01:56","date_gmt":"2025-07-29T14:01:56","guid":{"rendered":"https:\/\/www.goiania.go.gov.br\/arg\/?page_id=1200"},"modified":"2025-08-11T10:34:05","modified_gmt":"2025-08-11T13:34:05","slug":"consulta-publica-no-002-2025","status":"publish","type":"page","link":"https:\/\/www.goiania.go.gov.br\/arg\/consultas-publicas\/consulta-publica-no-002-2025\/","title":{"rendered":"Consulta P\u00fablica n\u00ba 002\/2025"},"content":{"rendered":"\n<h3 class=\"wp-block-heading\"><strong>Avisos<\/strong><\/h3>\n\n\n\n<ul class=\"wp-block-list\">\n<li><a href=\"https:\/\/www.goiania.go.gov.br\/arg\/wp-content\/uploads\/sites\/19\/2025\/07\/Aviso-de-Consulta-Publica-no-002-2025.pdf\">Aviso de Consulta P\u00fablica n\u00ba 002-2025<\/a><\/li>\n<\/ul>\n\n\n\n<h3 class=\"wp-block-heading\"><strong>Nota T\u00e9cnica <\/strong><\/h3>\n\n\n\n<ul class=\"wp-block-list\">\n<li><a href=\"https:\/\/www.goiania.go.gov.br\/arg\/wp-content\/uploads\/sites\/19\/2025\/07\/Nota-Tecnica-Conjunta-no-4-2025.pdf\">Nota T\u00e9cnica Conjunta n\u00ba 4-2025<\/a><\/li>\n<\/ul>\n\n\n\n<h3 class=\"wp-block-heading\"><strong>Formul\u00e1rio <\/strong><\/h3>\n\n\n\n<ul class=\"wp-block-list\">\n<li><a href=\"https:\/\/www.goiania.go.gov.br\/arg\/wp-content\/uploads\/sites\/19\/2025\/08\/04.-Formulario-de-Consulta-Publica-Conjunta-N\u00b0-002-2025.docx\">Formul\u00e1rio para envio das contribui\u00e7\u00f5es<\/a><\/li>\n<\/ul>\n\n\n\n<h3 class=\"wp-block-heading\"><strong>Minuta<\/strong><\/h3>\n\n\n\n<ul class=\"wp-block-list\">\n<li><a href=\"https:\/\/www.goiania.go.gov.br\/arg\/wp-content\/uploads\/sites\/19\/2025\/07\/Minuta-de-Resolucao-Conjunta-AGR-AR-ARM-AMAE.pdf\">Minuta de Resolu\u00e7\u00e3o Conjunta AGR-AR-ARM-AMAE<\/a><\/li>\n<\/ul>\n\n\n\n<h3 class=\"wp-block-heading\">Of\u00edcios<\/h3>\n\n\n\n<ul class=\"wp-block-list\">\n<li><a href=\"https:\/\/www.goiania.go.gov.br\/arg\/wp-content\/uploads\/sites\/19\/2025\/08\/Oficio-Conjunto-no-8-2025.pdf\">Of\u00edcio Conjunto n\u00ba 8\/2025 &#8211; AGR\/AR\/ARM<\/a><\/li>\n\n\n\n<li><a href=\"https:\/\/www.goiania.go.gov.br\/arg\/wp-content\/uploads\/sites\/19\/2025\/08\/Oficio-Conjunto-no-9-2025.pdf\">Of\u00edcio Conjunto n\u00ba 9\/2025 &#8211; AGR\/AR\/ARM<\/a><\/li>\n\n\n\n<li><a href=\"https:\/\/www.goiania.go.gov.br\/arg\/wp-content\/uploads\/sites\/19\/2025\/08\/Oficio-Conjunto-no-10-2025.pdf\">Of\u00edcio Conjunto n\u00ba 10\/2025 &#8211; AGR\/AR\/ARM<\/a><\/li>\n\n\n\n<li><a href=\"https:\/\/www.goiania.go.gov.br\/arg\/wp-content\/uploads\/sites\/19\/2025\/08\/Oficio-Conjunto-no-11-2025.pdf\">Of\u00edcio Conjunto n\u00ba 11\/2025 &#8211; AGR\/AR\/ARM<\/a><\/li>\n\n\n\n<li><a href=\"https:\/\/www.goiania.go.gov.br\/arg\/wp-content\/uploads\/sites\/19\/2025\/08\/Oficio-Conjunto-no-12-2025.pdf\">Of\u00edcio Conjunto n\u00ba 12\/2025 &#8211; AGR\/AR\/ARM<\/a><\/li>\n\n\n\n<li><a href=\"https:\/\/www.goiania.go.gov.br\/arg\/wp-content\/uploads\/sites\/19\/2025\/08\/Oficio-Conjunto-no-13-2025.pdf\">Of\u00edcio Conjunto n\u00ba 13\/2025 &#8211; AGR\/AR\/ARM<\/a><\/li>\n<\/ul>\n","protected":false},"excerpt":{"rendered":"<p>Avisos Nota T\u00e9cnica Formul\u00e1rio Minuta Of\u00edcios<\/p>\n","protected":false},"author":1,"featured_media":0,"parent":332,"menu_order":14,"comment_status":"closed","ping_status":"closed","template":"","meta":{"_acf_changed":false,"custom_icon_class":"","footnotes":""},"class_list":["post-1200","page","type-page","status-publish","hentry"],"acf":[],"_links":{"self":[{"href":"https:\/\/www.goiania.go.gov.br\/arg\/wp-json\/wp\/v2\/pages\/1200","targetHints":{"allow":["GET"]}}],"collection":[{"href":"https:\/\/www.goiania.go.gov.br\/arg\/wp-json\/wp\/v2\/pages"}],"about":[{"href":"https:\/\/www.goiania.go.gov.br\/arg\/wp-json\/wp\/v2\/types\/page"}],"author":[{"embeddable":true,"href":"https:\/\/www.goiania.go.gov.br\/arg\/wp-json\/wp\/v2\/users\/1"}],"replies":[{"embeddable":true,"href":"https:\/\/www.goiania.go.gov.br\/arg\/wp-json\/wp\/v2\/comments?post=1200"}],"version-history":[{"count":3,"href":"https:\/\/www.goiania.go.gov.br\/arg\/wp-json\/wp\/v2\/pages\/1200\/revisions"}],"predecessor-version":[{"id":1249,"href":"https:\/\/www.goiania.go.gov.br\/arg\/wp-json\/wp\/v2\/pages\/1200\/revisions\/1249"}],"up":[{"embeddable":true,"href":"https:\/\/www.goiania.go.gov.br\/arg\/wp-json\/wp\/v2\/pages\/332"}],"wp:attachment":[{"href":"https:\/\/www.goiania.go.gov.br\/arg\/wp-json\/wp\/v2\/media?parent=1200"}],"curies":[{"name":"wp","href":"https:\/\/api.w.org\/{rel}","templated":true}]}}