{"id":1190,"date":"2025-07-29T10:48:14","date_gmt":"2025-07-29T13:48:14","guid":{"rendered":"https:\/\/www.goiania.go.gov.br\/arg\/?page_id=1190"},"modified":"2025-08-11T10:33:31","modified_gmt":"2025-08-11T13:33:31","slug":"consulta-publica-no-001-2025","status":"publish","type":"page","link":"https:\/\/www.goiania.go.gov.br\/arg\/consultas-publicas\/consulta-publica-no-001-2025\/","title":{"rendered":"Consulta P\u00fablica n\u00ba 001\/2025"},"content":{"rendered":"\n<h3 class=\"wp-block-heading\"><strong>Aviso<\/strong><\/h3>\n\n\n\n<ul class=\"wp-block-list\">\n<li><a href=\"https:\/\/www.goiania.go.gov.br\/arg\/wp-content\/uploads\/sites\/19\/2025\/07\/Aviso_de_Consulta_Publica_Conjunta_no_001_2025.pdf\" target=\"_blank\" rel=\"noreferrer noopener\">Aviso de consulta Publica Conjunta n\u00b0 001\/2025<\/a><\/li>\n<\/ul>\n\n\n\n<h3 class=\"wp-block-heading\"><strong>Nota T\u00e9cnica <\/strong><\/h3>\n\n\n\n<ul class=\"wp-block-list\">\n<li><a href=\"https:\/\/www.goiania.go.gov.br\/arg\/wp-content\/uploads\/sites\/19\/2025\/07\/Nota-Tecnica-Conjunta-no-5-2025-Solucoes-Alternativas.pdf\" target=\"_blank\" rel=\"noreferrer noopener\">Nota T\u00e9cnica Conjunta n\u00ba 5-2025 &#8211; Solu\u00e7\u00f5es Alternativas<\/a><\/li>\n<\/ul>\n\n\n\n<h3 class=\"wp-block-heading\"><strong>Formul\u00e1rio <\/strong><\/h3>\n\n\n\n<ul class=\"wp-block-list\">\n<li><a href=\"https:\/\/www.goiania.go.gov.br\/arg\/wp-content\/uploads\/sites\/19\/2025\/08\/Formulario-de-Consulta-Publica-Conjunta-N\u00b0-001-2025.docx\" target=\"_blank\" rel=\"noreferrer noopener\">Formul\u00e1rio para envio de contribui\u00e7\u00f5es em Consulta Publica<\/a><\/li>\n<\/ul>\n\n\n\n<h3 class=\"wp-block-heading\"><strong>Minuta<\/strong><\/h3>\n\n\n\n<ul class=\"wp-block-list\">\n<li><a href=\"https:\/\/www.goiania.go.gov.br\/arg\/wp-content\/uploads\/sites\/19\/2025\/07\/Minuta-de-Resolucao-Normativa-Solucoes-Alternativas.pdf\" target=\"_blank\" rel=\"noreferrer noopener\">Minuta de Resolu\u00e7\u00e3o Normativa &#8211; Solu\u00e7\u00f5es Alternativas<\/a><\/li>\n<\/ul>\n\n\n\n<h3 class=\"wp-block-heading\">Of\u00edcios<\/h3>\n\n\n\n<ul class=\"wp-block-list\">\n<li><a href=\"https:\/\/www.goiania.go.gov.br\/arg\/wp-content\/uploads\/sites\/19\/2025\/08\/Oficio-Conjunto-no-14-2025.pdf\">Of\u00edcio Conjunto n\u00ba 14\/2025 &#8211; AGR\/AR\/ARM<\/a><\/li>\n\n\n\n<li><a href=\"https:\/\/www.goiania.go.gov.br\/arg\/wp-content\/uploads\/sites\/19\/2025\/08\/Oficio-Conjunto-no-15-2025.pdf\">Of\u00edcio Conjunto n\u00ba 15\/2025 &#8211; AGR\/AR\/ARM<\/a><\/li>\n\n\n\n<li><a href=\"https:\/\/www.goiania.go.gov.br\/arg\/wp-content\/uploads\/sites\/19\/2025\/08\/Oficio-Conjunto-no-16-2025.pdf\">Of\u00edcio Conjunto n\u00ba 16\/2025 &#8211; AGR\/AR\/ARM<\/a><\/li>\n\n\n\n<li><a href=\"https:\/\/www.goiania.go.gov.br\/arg\/wp-content\/uploads\/sites\/19\/2025\/08\/Oficio-Conjunto-no-17-2025.pdf\">Of\u00edcio Conjunto n\u00ba 17\/2025 &#8211; AGR\/AR\/ARM<\/a><\/li>\n\n\n\n<li><a href=\"https:\/\/www.goiania.go.gov.br\/arg\/wp-content\/uploads\/sites\/19\/2025\/08\/Oficio-Conjunto-no-18-2025.pdf\">Of\u00edcio Conjunto n\u00ba 18\/2025 &#8211; AGR\/AR\/ARM<\/a><\/li>\n\n\n\n<li><a href=\"https:\/\/www.goiania.go.gov.br\/arg\/wp-content\/uploads\/sites\/19\/2025\/08\/Oficio-Conjunto-no-19-2025.pdf\">Of\u00edcio Conjunto n\u00ba 19\/2025 &#8211; AGR\/AR\/ARM<\/a><\/li>\n<\/ul>\n","protected":false},"excerpt":{"rendered":"<p>Aviso Nota T\u00e9cnica Formul\u00e1rio Minuta Of\u00edcios<\/p>\n","protected":false},"author":1,"featured_media":0,"parent":332,"menu_order":13,"comment_status":"closed","ping_status":"closed","template":"","meta":{"_acf_changed":false,"custom_icon_class":"","footnotes":""},"class_list":["post-1190","page","type-page","status-publish","hentry"],"acf":[],"_links":{"self":[{"href":"https:\/\/www.goiania.go.gov.br\/arg\/wp-json\/wp\/v2\/pages\/1190","targetHints":{"allow":["GET"]}}],"collection":[{"href":"https:\/\/www.goiania.go.gov.br\/arg\/wp-json\/wp\/v2\/pages"}],"about":[{"href":"https:\/\/www.goiania.go.gov.br\/arg\/wp-json\/wp\/v2\/types\/page"}],"author":[{"embeddable":true,"href":"https:\/\/www.goiania.go.gov.br\/arg\/wp-json\/wp\/v2\/users\/1"}],"replies":[{"embeddable":true,"href":"https:\/\/www.goiania.go.gov.br\/arg\/wp-json\/wp\/v2\/comments?post=1190"}],"version-history":[{"count":5,"href":"https:\/\/www.goiania.go.gov.br\/arg\/wp-json\/wp\/v2\/pages\/1190\/revisions"}],"predecessor-version":[{"id":1247,"href":"https:\/\/www.goiania.go.gov.br\/arg\/wp-json\/wp\/v2\/pages\/1190\/revisions\/1247"}],"up":[{"embeddable":true,"href":"https:\/\/www.goiania.go.gov.br\/arg\/wp-json\/wp\/v2\/pages\/332"}],"wp:attachment":[{"href":"https:\/\/www.goiania.go.gov.br\/arg\/wp-json\/wp\/v2\/media?parent=1190"}],"curies":[{"name":"wp","href":"https:\/\/api.w.org\/{rel}","templated":true}]}}