{"id":1020,"date":"2025-03-27T17:11:02","date_gmt":"2025-03-27T20:11:02","guid":{"rendered":"https:\/\/www.goiania.go.gov.br\/arg\/?page_id=1020"},"modified":"2025-04-14T10:34:22","modified_gmt":"2025-04-14T13:34:22","slug":"audiencia-publica-no-01-2025-plano-de-drenagem","status":"publish","type":"page","link":"https:\/\/www.goiania.go.gov.br\/arg\/audiencias-publicas\/audiencia-publica-no-01-2025-plano-de-drenagem\/","title":{"rendered":"Audi\u00eancia P\u00fablica n\u00ba 01\/2025 &#8211; Plano de Drenagem"},"content":{"rendered":"\n<p><strong>Aviso<\/strong><\/p>\n\n\n\n<ul class=\"wp-block-list\">\n<li><a href=\"https:\/\/www.goiania.go.gov.br\/arg\/wp-content\/uploads\/sites\/19\/2025\/04\/do_20250328_000008508.pdf\" target=\"_blank\" rel=\"noreferrer noopener\">Aviso Di\u00e1rio Oficial<\/a><\/li>\n<\/ul>\n\n\n\n<p><strong>Inscri\u00e7\u00f5es<\/strong><\/p>\n\n\n\n<ul class=\"wp-block-list\">\n<li><a href=\"https:\/\/docs.google.com\/forms\/d\/e\/1FAIpQLSd2_4SLuQA9GU6M6k9Mf_Gor7IbsD8pOQMAUIxwiPi5evtSTw\/viewform?fbclid=PAY2xjawJp3BRleHRuA2FlbQIxMAABp1CqBvxr8MSo3MqLQuRVjhtSpctLicY9FhDukuVpJ5fhh0nMWhBKnZh6rSos_aem_WZFfsZBxNsWliav6KI6NXw\" target=\"_blank\" rel=\"noreferrer noopener\">Acesse aqui<\/a><\/li>\n<\/ul>\n\n\n\n<p><strong>Diagn\u00f3sticos<\/strong><\/p>\n\n\n\n<ul class=\"wp-block-list\">\n<li><a href=\"https:\/\/www.goiania.go.gov.br\/arg\/wp-content\/uploads\/sites\/19\/2025\/03\/Diagnostico-ALTO-ANICUNS-Salinas-com-apendices-MINUTA_compressed.pdf\" target=\"_blank\" rel=\"noreferrer noopener\">Alto Anicuns &#8211; Anicuns<\/a><\/li>\n\n\n\n<li><a href=\"https:\/\/www.goiania.go.gov.br\/arg\/wp-content\/uploads\/sites\/19\/2025\/03\/Diagnostico-JOAO-LEITE-com-apendices-MINUTA.pdf\" target=\"_blank\" rel=\"noreferrer noopener\">Jo\u00e3o Leite<\/a><\/li>\n\n\n\n<li><a href=\"https:\/\/www.goiania.go.gov.br\/arg\/wp-content\/uploads\/sites\/19\/2025\/03\/Diagnostico-BAIXO-MEIA-PONTE-com-apendices-MINUTA_compressed.pdf\" target=\"_blank\" rel=\"noreferrer noopener\">Baixo Meia Ponte<\/a><\/li>\n\n\n\n<li><a href=\"https:\/\/www.goiania.go.gov.br\/arg\/wp-content\/uploads\/sites\/19\/2025\/03\/Diagnostico-BARREIRO-com-apendices-MINUTA.pdf\" target=\"_blank\" rel=\"noreferrer noopener\">Barreiro<\/a><\/li>\n\n\n\n<li><a href=\"https:\/\/www.goiania.go.gov.br\/arg\/wp-content\/uploads\/sites\/19\/2025\/03\/Diagnostico-CAVEIRAS-com-apendices-MINUTA_compressed.pdf\" target=\"_blank\" rel=\"noreferrer noopener\">Caveiras<\/a><\/li>\n\n\n\n<li><a href=\"https:\/\/www.goiania.go.gov.br\/arg\/wp-content\/uploads\/sites\/19\/2025\/03\/Diagnostico-CAPIVARA-com-apendices-MINUTA.pdf\" target=\"_blank\" rel=\"noreferrer noopener\">Capivara<\/a><\/li>\n\n\n\n<li><a href=\"https:\/\/www.goiania.go.gov.br\/arg\/wp-content\/uploads\/sites\/19\/2025\/03\/Diagnostico-DOURADOS-com-apendices-MINUTA.pdf\" target=\"_blank\" rel=\"noreferrer noopener\">Dourados<\/a><\/li>\n\n\n\n<li><a href=\"https:\/\/www.goiania.go.gov.br\/arg\/wp-content\/uploads\/sites\/19\/2025\/03\/Diagnostico-LAJEADO-com-apendices-MINUTA_compressed.pdf\" target=\"_blank\" rel=\"noreferrer noopener\">Lajeado<\/a><\/li>\n\n\n\n<li><a href=\"https:\/\/www.goiania.go.gov.br\/arg\/wp-content\/uploads\/sites\/19\/2025\/03\/Diagnostico-SAMAMBAIA-com-apendices-MINUTA.pdf\" target=\"_blank\" rel=\"noreferrer noopener\">Samambaia<\/a><\/li>\n\n\n\n<li><a href=\"https:\/\/www.goiania.go.gov.br\/arg\/wp-content\/uploads\/sites\/19\/2025\/03\/Diagnostico-SAO-DOMINGOS-com-apendices-MINUTA_compressed.pdf\" target=\"_blank\" rel=\"noreferrer noopener\">S\u00e3o Domingos<\/a><\/li>\n<\/ul>\n\n\n\n<p><strong>Progn\u00f3stico<\/strong><\/p>\n\n\n\n<ul class=\"wp-block-list\">\n<li>Alto Anicuns\n<ul class=\"wp-block-list\">\n<li><a href=\"https:\/\/www.goiania.go.gov.br\/arg\/wp-content\/uploads\/sites\/19\/2025\/03\/Apendice-A-Alto-Anicuns-minuta.pdf\">Ap\u00eandice A Alto Anicuns &#8211; minuta<\/a><\/li>\n\n\n\n<li><a href=\"https:\/\/www.goiania.go.gov.br\/arg\/wp-content\/uploads\/sites\/19\/2025\/03\/Apendice-B-Alto-Anicuns-minuta.pdf\">Ap\u00eandice B Alto Anicuns &#8211; minuta<\/a><\/li>\n\n\n\n<li><a href=\"https:\/\/www.goiania.go.gov.br\/arg\/wp-content\/uploads\/sites\/19\/2025\/03\/Apendice-C-Alto-Anicuns-minuta.pdf\">Ap\u00eandice C Alto Anicuns &#8211; minuta<\/a><\/li>\n\n\n\n<li><a href=\"https:\/\/www.goiania.go.gov.br\/arg\/wp-content\/uploads\/sites\/19\/2025\/03\/Apendice-D-Alto-Anicuns-minuta.pdf\">Ap\u00eandice D Alto Anicuns &#8211; minuta<\/a><\/li>\n\n\n\n<li><a href=\"https:\/\/www.goiania.go.gov.br\/arg\/wp-content\/uploads\/sites\/19\/2025\/03\/Apendice-E-Alto-Anicuns-minuta.pdf\">Ap\u00eandice E Alto Anicuns &#8211; minuta<\/a><\/li>\n\n\n\n<li><a href=\"https:\/\/www.goiania.go.gov.br\/arg\/wp-content\/uploads\/sites\/19\/2025\/03\/Apendice-F-Alto-Anicuns-minuta.pdf\">Ap\u00eandice F Alto Anicuns &#8211; minuta<\/a><\/li>\n\n\n\n<li><a href=\"https:\/\/www.goiania.go.gov.br\/arg\/wp-content\/uploads\/sites\/19\/2025\/03\/Apendice-G-Alto-Anicuns-minuta.pdf\">Ap\u00eandice G Alto Anicuns &#8211; minuta<\/a><\/li>\n\n\n\n<li><a href=\"https:\/\/www.goiania.go.gov.br\/arg\/wp-content\/uploads\/sites\/19\/2025\/03\/Prognostico-ALTO-ANICUNS-ANICUNS-sem-apendices-MINUTA.pdf\">Prognostico ALTO ANICUNS &#8211; ANICUNS sem ap\u00eandices &#8211; MINUTA<\/a><\/li>\n<\/ul>\n<\/li>\n\n\n\n<li>Barreio\n<ul class=\"wp-block-list\">\n<li><a href=\"https:\/\/www.goiania.go.gov.br\/arg\/wp-content\/uploads\/sites\/19\/2025\/03\/Apendice-A-Barreiro-minuta.pdf\">Ap\u00eandice A Barreiro &#8211; minuta<\/a><\/li>\n\n\n\n<li><a href=\"https:\/\/www.goiania.go.gov.br\/arg\/wp-content\/uploads\/sites\/19\/2025\/03\/Apendice-B-Barreiro-minuta.pdf\">Ap\u00eandice B Barreiro &#8211; minuta<\/a><\/li>\n\n\n\n<li><a href=\"https:\/\/www.goiania.go.gov.br\/arg\/wp-content\/uploads\/sites\/19\/2025\/03\/Apendice-C-Barreiro-minuta.pdf\">Ap\u00eandice C Barreiro &#8211; minuta<\/a><\/li>\n\n\n\n<li><a href=\"https:\/\/www.goiania.go.gov.br\/arg\/wp-content\/uploads\/sites\/19\/2025\/03\/Apendice-D-Barreiro-minuta.pdf\">Ap\u00eandice D Barreiro &#8211; minuta<\/a><\/li>\n\n\n\n<li><a href=\"https:\/\/www.goiania.go.gov.br\/arg\/wp-content\/uploads\/sites\/19\/2025\/03\/Apendice-E-Barreiro-minuta.pdf\">Ap\u00eandice E Barreiro &#8211; minuta<\/a><\/li>\n\n\n\n<li><a href=\"https:\/\/www.goiania.go.gov.br\/arg\/wp-content\/uploads\/sites\/19\/2025\/03\/Apendice-F-Barreiro-minuta.pdf\">Ap\u00eandice F Barreiro &#8211; minuta<\/a><\/li>\n\n\n\n<li><a href=\"https:\/\/www.goiania.go.gov.br\/arg\/wp-content\/uploads\/sites\/19\/2025\/03\/Apendice-G-Barreiro-minuta.pdf\">Ap\u00eandice G Barreiro &#8211; minuta<\/a><\/li>\n\n\n\n<li><a href=\"https:\/\/www.goiania.go.gov.br\/arg\/wp-content\/uploads\/sites\/19\/2025\/03\/Prognostico-BARREIRO-sem-apendices-MINUTA.pdf\">Prognostico BARREIRO sem ap\u00eandices &#8211; MINUTA<\/a><\/li>\n<\/ul>\n<\/li>\n\n\n\n<li>Baixo Meia Ponte\n<ul class=\"wp-block-list\">\n<li><a href=\"https:\/\/www.goiania.go.gov.br\/arg\/wp-content\/uploads\/sites\/19\/2025\/03\/Apendice-A-Baixo-Meia-Ponte-minuta.pdf\">Ap\u00eandice A Baixo Meia Ponte &#8211; minuta<\/a><\/li>\n\n\n\n<li><a href=\"https:\/\/www.goiania.go.gov.br\/arg\/wp-content\/uploads\/sites\/19\/2025\/03\/Apendice-B-Baixo-Meia-Ponte-minuta.pdf\">Ap\u00eandice B Baixo Meia Ponte &#8211; minuta<\/a><\/li>\n\n\n\n<li><a href=\"https:\/\/www.goiania.go.gov.br\/arg\/wp-content\/uploads\/sites\/19\/2025\/03\/Apendice-C-Baixo-Meia-Ponte-minuta.pdf\">Ap\u00eandice C Baixo Meia Ponte &#8211; minuta<\/a><\/li>\n\n\n\n<li><a href=\"https:\/\/www.goiania.go.gov.br\/arg\/wp-content\/uploads\/sites\/19\/2025\/03\/Apendice-D-Baixo-Meia-Ponte-minuta.pdf\">Ap\u00eandice D Baixo Meia Ponte &#8211; minuta<\/a><\/li>\n\n\n\n<li><a href=\"https:\/\/www.goiania.go.gov.br\/arg\/wp-content\/uploads\/sites\/19\/2025\/03\/Apendice-E-Baixo-Meia-Ponte-minuta.pdf\">Ap\u00eandice E Baixo Meia Ponte &#8211; minuta<\/a><\/li>\n\n\n\n<li><a href=\"https:\/\/www.goiania.go.gov.br\/arg\/wp-content\/uploads\/sites\/19\/2025\/03\/Apendice-F-Baixo-Meia-Ponte-minuta.pdf\">Ap\u00eandice F Baixo Meia Ponte &#8211; minuta<\/a><\/li>\n\n\n\n<li><a href=\"https:\/\/www.goiania.go.gov.br\/arg\/wp-content\/uploads\/sites\/19\/2025\/03\/Apendice-G-Baixo-Meia-Ponte-minuta.pdf\">Ap\u00eandice G Baixo Meia Ponte &#8211; minuta<\/a><\/li>\n\n\n\n<li><a href=\"https:\/\/www.goiania.go.gov.br\/arg\/wp-content\/uploads\/sites\/19\/2025\/03\/Prognostico-BAIXO-MEIA-PONTE-sem-apendices-MINUTA.pdf\">Prognostico BAIXO MEIA PONTE sem ap\u00eandices &#8211; MINUTA<\/a><\/li>\n<\/ul>\n<\/li>\n\n\n\n<li>Botafogo\n<ul class=\"wp-block-list\">\n<li><a href=\"https:\/\/www.goiania.go.gov.br\/arg\/wp-content\/uploads\/sites\/19\/2025\/03\/Apendice-A-Botafogo-minuta.pdf\">Ap\u00eandice A Botafogo &#8211; minuta<\/a><\/li>\n\n\n\n<li><a href=\"https:\/\/www.goiania.go.gov.br\/arg\/wp-content\/uploads\/sites\/19\/2025\/03\/Apendice-B-Botafogo-minuta.pdf\">Ap\u00eandice B Botafogo &#8211; minuta<\/a><\/li>\n\n\n\n<li><a href=\"https:\/\/www.goiania.go.gov.br\/arg\/wp-content\/uploads\/sites\/19\/2025\/03\/Apendice-C-Botafogo-minuta.pdf\">Ap\u00eandice C Botafogo &#8211; minuta<\/a><\/li>\n\n\n\n<li><a href=\"https:\/\/www.goiania.go.gov.br\/arg\/wp-content\/uploads\/sites\/19\/2025\/03\/Apendice-D-Botafogo-minuta.pdf\">Ap\u00eandice D Botafogo &#8211; minuta<\/a><\/li>\n\n\n\n<li><a href=\"https:\/\/www.goiania.go.gov.br\/arg\/wp-content\/uploads\/sites\/19\/2025\/03\/Apendice-E-Botafogo-minuta.pdf\">Ap\u00eandice E Botafogo &#8211; minuta<\/a><\/li>\n\n\n\n<li><a href=\"https:\/\/www.goiania.go.gov.br\/arg\/wp-content\/uploads\/sites\/19\/2025\/03\/Apendice-F-Botafogo-minuta.pdf\">Ap\u00eandice F Botafogo &#8211; minuta<\/a><\/li>\n\n\n\n<li><a href=\"https:\/\/www.goiania.go.gov.br\/arg\/wp-content\/uploads\/sites\/19\/2025\/03\/Apendice-G-Botafogo-minuta.pdf\">Ap\u00eandice G Botafogo &#8211; minuta<\/a><\/li>\n\n\n\n<li><a href=\"https:\/\/www.goiania.go.gov.br\/arg\/wp-content\/uploads\/sites\/19\/2025\/03\/Prognostico-BOTAFOGO_minuta.pdf\">Prognostico BOTAFOGO_MINUTA<\/a><\/li>\n<\/ul>\n<\/li>\n\n\n\n<li>Cascavel\n<ul class=\"wp-block-list\">\n<li><a href=\"https:\/\/www.goiania.go.gov.br\/arg\/wp-content\/uploads\/sites\/19\/2025\/03\/Apendice-A-cascavel-minuta.pdf\">Ap\u00eandice A cascavel &#8211; minuta<\/a><\/li>\n\n\n\n<li><a href=\"https:\/\/www.goiania.go.gov.br\/arg\/wp-content\/uploads\/sites\/19\/2025\/03\/Apendice-B-cascavel-minuta.pdf\">Ap\u00eandice B cascavel &#8211; minuta<\/a><\/li>\n\n\n\n<li><a href=\"https:\/\/www.goiania.go.gov.br\/arg\/wp-content\/uploads\/sites\/19\/2025\/03\/Apendice-C-cascavel-minuta.pdf\">Ap\u00eandice C cascavel &#8211; minuta<\/a><\/li>\n\n\n\n<li><a href=\"https:\/\/www.goiania.go.gov.br\/arg\/wp-content\/uploads\/sites\/19\/2025\/03\/Apendice-D-cascavel-minuta.pdf\">Ap\u00eandice D cascavel &#8211; minuta<\/a><\/li>\n\n\n\n<li><a href=\"https:\/\/www.goiania.go.gov.br\/arg\/wp-content\/uploads\/sites\/19\/2025\/03\/Apendice-E-cascavel-minuta.pdf\">Ap\u00eandice E cascavel &#8211; minuta<\/a><\/li>\n\n\n\n<li><a href=\"https:\/\/www.goiania.go.gov.br\/arg\/wp-content\/uploads\/sites\/19\/2025\/03\/Apendice-F-cascavel-minuta.pdf\">Ap\u00eandice F cascavel &#8211; minuta<\/a><\/li>\n\n\n\n<li><a href=\"https:\/\/www.goiania.go.gov.br\/arg\/wp-content\/uploads\/sites\/19\/2025\/03\/Apendice-G-cascavel-minuta.pdf\">Ap\u00eandice G cascavel &#8211; minuta<\/a><\/li>\n\n\n\n<li><a href=\"https:\/\/www.goiania.go.gov.br\/arg\/wp-content\/uploads\/sites\/19\/2025\/03\/Prognostico-CASCAVEL-sem-apendices-MINUTA.pdf\">Prognostico CASCAVEL sem ap\u00eandices &#8211; MINUTA<\/a><\/li>\n<\/ul>\n<\/li>\n\n\n\n<li>Caveiras\n<ul class=\"wp-block-list\">\n<li><a href=\"https:\/\/www.goiania.go.gov.br\/arg\/wp-content\/uploads\/sites\/19\/2025\/03\/Apendice-A-Caveiras-minuta.pdf\">Ap\u00eandice A Caveiras &#8211; minuta<\/a><\/li>\n\n\n\n<li><a href=\"https:\/\/www.goiania.go.gov.br\/arg\/wp-content\/uploads\/sites\/19\/2025\/03\/Apendice-B-Caveiras-minuta.pdf\">Ap\u00eandice B Caveiras &#8211; minuta<\/a><\/li>\n\n\n\n<li><a href=\"https:\/\/www.goiania.go.gov.br\/arg\/wp-content\/uploads\/sites\/19\/2025\/03\/Apendice-C-Caveiras-minuta.pdf\">Ap\u00eandice C Caveiras &#8211; minuta<\/a><\/li>\n\n\n\n<li><a href=\"https:\/\/www.goiania.go.gov.br\/arg\/wp-content\/uploads\/sites\/19\/2025\/03\/Apendice-D-Caveiras-minuta.pdf\">Ap\u00eandice D Caveiras &#8211; minuta<\/a><\/li>\n\n\n\n<li><a href=\"https:\/\/www.goiania.go.gov.br\/arg\/wp-content\/uploads\/sites\/19\/2025\/03\/Apendice-E-Caveiras-minuta.pdf\">Ap\u00eandice E Caveiras &#8211; minuta<\/a><\/li>\n\n\n\n<li><a href=\"https:\/\/www.goiania.go.gov.br\/arg\/wp-content\/uploads\/sites\/19\/2025\/03\/Apendice-F-Caveiras-minuta.pdf\">Ap\u00eandice F Caveiras &#8211; minuta<\/a><\/li>\n\n\n\n<li><a href=\"https:\/\/www.goiania.go.gov.br\/arg\/wp-content\/uploads\/sites\/19\/2025\/03\/Apendice-G-Caveiras-minuta.pdf\">Ap\u00eandice G Caveiras &#8211; minuta<\/a><\/li>\n\n\n\n<li><a href=\"https:\/\/www.goiania.go.gov.br\/arg\/wp-content\/uploads\/sites\/19\/2025\/03\/Prognostico-CAVEIRAS_minuta.pdf\">Prognostico CAVEIRAS minuta<\/a><\/li>\n<\/ul>\n<\/li>\n\n\n\n<li>Capivara\n<ul class=\"wp-block-list\">\n<li><a href=\"https:\/\/www.goiania.go.gov.br\/arg\/wp-content\/uploads\/sites\/19\/2025\/03\/Apendice-A-Capivara-minuta.pdf\">Ap\u00eandice A Capivara &#8211; minuta<\/a><\/li>\n\n\n\n<li><a href=\"https:\/\/www.goiania.go.gov.br\/arg\/wp-content\/uploads\/sites\/19\/2025\/03\/Apendice-B-Capivara-minuta.pdf\">Ap\u00eandice B Capivara &#8211; minuta<\/a><\/li>\n\n\n\n<li><a href=\"https:\/\/www.goiania.go.gov.br\/arg\/wp-content\/uploads\/sites\/19\/2025\/03\/Apendice-C-Capivara-minuta.pdf\">Ap\u00eandice C Capivara &#8211; minuta<\/a><\/li>\n\n\n\n<li><a href=\"https:\/\/www.goiania.go.gov.br\/arg\/wp-content\/uploads\/sites\/19\/2025\/03\/Apendice-D-Capivara-minuta.pdf\">Ap\u00eandice D Capivara &#8211; minuta<\/a><\/li>\n\n\n\n<li><a href=\"https:\/\/www.goiania.go.gov.br\/arg\/wp-content\/uploads\/sites\/19\/2025\/03\/Apendice-E-Capivara-minuta.pdf\">Ap\u00eandice E Capivara &#8211; minuta<\/a><\/li>\n\n\n\n<li><a href=\"https:\/\/www.goiania.go.gov.br\/arg\/wp-content\/uploads\/sites\/19\/2025\/03\/Apendice-F-Capivara-minuta.pdf\">Ap\u00eandice F Capivara &#8211; minuta<\/a><\/li>\n\n\n\n<li><a href=\"https:\/\/www.goiania.go.gov.br\/arg\/wp-content\/uploads\/sites\/19\/2025\/03\/Prognostico-CAPIVARA-sem-apendices-MINUTA.pdf\">Prognostico CAPIVARA sem Ap\u00eandice &#8211; MINUTA<\/a><\/li>\n<\/ul>\n<\/li>\n\n\n\n<li>Dourados\n<ul class=\"wp-block-list\">\n<li><a href=\"https:\/\/www.goiania.go.gov.br\/arg\/wp-content\/uploads\/sites\/19\/2025\/03\/Apendice-A-Dourados-minuta.pdf\">Ap\u00eandice A Dourados &#8211; minuta<\/a><\/li>\n\n\n\n<li><a href=\"https:\/\/www.goiania.go.gov.br\/arg\/wp-content\/uploads\/sites\/19\/2025\/03\/Apendice-B-Dourados-minuta.pdf\">Ap\u00eandice B Dourados &#8211; minuta<\/a><\/li>\n\n\n\n<li><a href=\"https:\/\/www.goiania.go.gov.br\/arg\/wp-content\/uploads\/sites\/19\/2025\/03\/Apendice-C-Dourado-minuta.pdf\">Ap\u00eandice C Dourados &#8211; minuta<\/a><\/li>\n\n\n\n<li><a href=\"https:\/\/www.goiania.go.gov.br\/arg\/wp-content\/uploads\/sites\/19\/2025\/03\/Apendice-D-Dourados-minuta.pdf\">Ap\u00eandice D Dourados &#8211; minuta<\/a><\/li>\n\n\n\n<li><a href=\"https:\/\/www.goiania.go.gov.br\/arg\/wp-content\/uploads\/sites\/19\/2025\/03\/Apendice-E-Dourados-minuta.pdf\">Ap\u00eandice E Dourados &#8211; minuta<\/a><\/li>\n\n\n\n<li><a href=\"https:\/\/www.goiania.go.gov.br\/arg\/wp-content\/uploads\/sites\/19\/2025\/03\/Apendice-F-Dourados-minuta.pdf\">Ap\u00eandice F Dourados &#8211; minuta<\/a><\/li>\n\n\n\n<li><a href=\"https:\/\/www.goiania.go.gov.br\/arg\/wp-content\/uploads\/sites\/19\/2025\/03\/Apendice-G-Dourados-minuta.pdf\">Ap\u00eandice G Dourados &#8211; minuta<\/a><\/li>\n\n\n\n<li><a href=\"https:\/\/www.goiania.go.gov.br\/arg\/wp-content\/uploads\/sites\/19\/2025\/03\/Prognostico-DOURADOS-sem-apendices-MINUTA.pdf\">Prognostico DOURADOS sem ap\u00eandices &#8211; MINUTA<\/a><\/li>\n<\/ul>\n<\/li>\n\n\n\n<li>Jo\u00e3o Leite\n<ul class=\"wp-block-list\">\n<li><a href=\"https:\/\/www.goiania.go.gov.br\/arg\/wp-content\/uploads\/sites\/19\/2025\/03\/Apendice-A-Joao-Leite-minuta.pdf\">Ap\u00eandice A Jo\u00e3o Leite &#8211; minuta<\/a><\/li>\n\n\n\n<li><a href=\"https:\/\/www.goiania.go.gov.br\/arg\/wp-content\/uploads\/sites\/19\/2025\/03\/Apendice-B-Joao-Leite-minuta.pdf\">Ap\u00eandice B Jo\u00e3o Leite &#8211; minuta<\/a><\/li>\n\n\n\n<li><a href=\"https:\/\/www.goiania.go.gov.br\/arg\/wp-content\/uploads\/sites\/19\/2025\/03\/Apendice-C-Joao-Leite-minuta.pdf\">Ap\u00eandice C Jo\u00e3o Leite &#8211; minuta<\/a><\/li>\n\n\n\n<li><a href=\"https:\/\/www.goiania.go.gov.br\/arg\/wp-content\/uploads\/sites\/19\/2025\/03\/Apendice-D-Joao-Leite-minuta.pdf\">Ap\u00eandice D Jo\u00e3o Leite &#8211; minuta<\/a><\/li>\n\n\n\n<li><a href=\"https:\/\/www.goiania.go.gov.br\/arg\/wp-content\/uploads\/sites\/19\/2025\/03\/Apendice-E-Joao-Leite-minuta.pdf\">Ap\u00eandice E Jo\u00e3o Leite &#8211; minuta<\/a><\/li>\n\n\n\n<li><a href=\"https:\/\/www.goiania.go.gov.br\/arg\/wp-content\/uploads\/sites\/19\/2025\/03\/Apendice-F-Joao-Leite-minuta.pdf\">Ap\u00eandice F Jo\u00e3o Leite &#8211; minuta<\/a><\/li>\n\n\n\n<li><a href=\"https:\/\/www.goiania.go.gov.br\/arg\/wp-content\/uploads\/sites\/19\/2025\/03\/Apendice-G-Joao-Leite-minuta.pdf\">Ap\u00eandice G Jo\u00e3o Leite &#8211; minuta<\/a><\/li>\n\n\n\n<li><a href=\"https:\/\/www.goiania.go.gov.br\/arg\/wp-content\/uploads\/sites\/19\/2025\/03\/Prognostico-JOAO-LEITE-sem-apendice-MINUTA.pdf\">Prognostico JOAO LEITE sem ap\u00eandice &#8211; MINUTA<\/a><\/li>\n<\/ul>\n<\/li>\n\n\n\n<li>Lajeado\n<ul class=\"wp-block-list\">\n<li><a href=\"https:\/\/www.goiania.go.gov.br\/arg\/wp-content\/uploads\/sites\/19\/2025\/03\/Apendice-A-Lajeado-minuta.pdf\">Ap\u00eandice A Lajeado &#8211; minuta<\/a><\/li>\n\n\n\n<li><a href=\"https:\/\/www.goiania.go.gov.br\/arg\/wp-content\/uploads\/sites\/19\/2025\/03\/Apendice-B-Lajeado-minuta.pdf\">Ap\u00eandice B Lajeado &#8211; minuta<\/a><\/li>\n\n\n\n<li><a href=\"https:\/\/www.goiania.go.gov.br\/arg\/wp-content\/uploads\/sites\/19\/2025\/03\/Apendice-C-Lajeado-minuta.pdf\">Ap\u00eandice C Lajeado &#8211; minuta<\/a><\/li>\n\n\n\n<li><a href=\"https:\/\/www.goiania.go.gov.br\/arg\/wp-content\/uploads\/sites\/19\/2025\/03\/Apendice-D-Lajeado-minuta.pdf\">Ap\u00eandice D Lajeado &#8211; minuta<\/a><\/li>\n\n\n\n<li><a href=\"https:\/\/www.goiania.go.gov.br\/arg\/wp-content\/uploads\/sites\/19\/2025\/03\/Apendice-E-Lajeado-minuta.pdf\">Ap\u00eandice E Lajeado &#8211; minuta<\/a><\/li>\n\n\n\n<li><a href=\"https:\/\/www.goiania.go.gov.br\/arg\/wp-content\/uploads\/sites\/19\/2025\/03\/Apendice-F-Lajeado-minuta.pdf\">Ap\u00eandice F Lajeado &#8211; minuta<\/a><\/li>\n\n\n\n<li><a href=\"https:\/\/www.goiania.go.gov.br\/arg\/wp-content\/uploads\/sites\/19\/2025\/03\/Prognostico-LAJEADO_MINUTA.pdf\">Prognostico LAJEADO_MINUTA<\/a><\/li>\n<\/ul>\n<\/li>\n\n\n\n<li>Macambira\n<ul class=\"wp-block-list\">\n<li><a href=\"https:\/\/www.goiania.go.gov.br\/arg\/wp-content\/uploads\/sites\/19\/2025\/03\/Apendice-A-Macambira-minuta.pdf\">Ap\u00eandice A Macambira minuta<\/a><\/li>\n\n\n\n<li><a href=\"https:\/\/www.goiania.go.gov.br\/arg\/wp-content\/uploads\/sites\/19\/2025\/03\/Apendice-B-Macambira-minuta.pdf\">Ap\u00eandice B Macambira minuta<\/a><\/li>\n\n\n\n<li><a href=\"https:\/\/www.goiania.go.gov.br\/arg\/wp-content\/uploads\/sites\/19\/2025\/03\/Apendice-C-Macambira-minuta.pdf\">Ap\u00eandice C Macambira minuta<\/a><\/li>\n\n\n\n<li><a href=\"https:\/\/www.goiania.go.gov.br\/arg\/wp-content\/uploads\/sites\/19\/2025\/03\/Apendice-D-Macambira-minuta.pdf\">Ap\u00eandice D Macambira minuta<\/a><\/li>\n\n\n\n<li><a href=\"https:\/\/www.goiania.go.gov.br\/arg\/wp-content\/uploads\/sites\/19\/2025\/03\/Apendice-E-Macambira-minuta.pdf\">Ap\u00eandice E Macambira minuta<\/a><\/li>\n\n\n\n<li><a href=\"https:\/\/www.goiania.go.gov.br\/arg\/wp-content\/uploads\/sites\/19\/2025\/03\/Apendice-F-Macambira-minuta.pdf\">Ap\u00eandice F Macambira minuta<\/a><\/li>\n\n\n\n<li><a href=\"https:\/\/www.goiania.go.gov.br\/arg\/wp-content\/uploads\/sites\/19\/2025\/03\/Apendice-G-Macambira-minuta.pdf\">Ap\u00eandice G Macambira minuta<\/a><\/li>\n\n\n\n<li><a href=\"https:\/\/www.goiania.go.gov.br\/arg\/wp-content\/uploads\/sites\/19\/2025\/03\/Prognostico-MACAMBIRA-sem-apendices-MINUTA.pdf\">Prognostico MACAMBIRA sem ap\u00eandices &#8211; MINUTA<\/a><\/li>\n<\/ul>\n<\/li>\n\n\n\n<li>S\u00e3o Domingos\n<ul class=\"wp-block-list\">\n<li><a href=\"https:\/\/www.goiania.go.gov.br\/arg\/wp-content\/uploads\/sites\/19\/2025\/03\/Apendice-A-Sao-Domingos-minuta.pdf\">Ap\u00eandice A S\u00e3o Domingos &#8211; minuta<\/a><\/li>\n\n\n\n<li><a href=\"https:\/\/www.goiania.go.gov.br\/arg\/wp-content\/uploads\/sites\/19\/2025\/03\/Apendice-B-Sao-Domingos-minuta.pdf\">Ap\u00eandice B S\u00e3o Domingos &#8211; minuta<\/a><\/li>\n\n\n\n<li><a href=\"https:\/\/www.goiania.go.gov.br\/arg\/wp-content\/uploads\/sites\/19\/2025\/03\/Apendice-C-Sao-Domingos-minuta.pdf\">Ap\u00eandice C S\u00e3o Domingos &#8211; minuta<\/a><\/li>\n\n\n\n<li><a href=\"https:\/\/www.goiania.go.gov.br\/arg\/wp-content\/uploads\/sites\/19\/2025\/03\/Apendice-D-Sao-Domingos-minuta.pdf\">Ap\u00eandice D S\u00e3o Domingos &#8211; minuta<\/a><\/li>\n\n\n\n<li><a href=\"https:\/\/www.goiania.go.gov.br\/arg\/wp-content\/uploads\/sites\/19\/2025\/03\/Apendice-E-Sao-Domingos-minuta.pdf\">Ap\u00eandice E S\u00e3o Domingos &#8211; minuta<\/a><\/li>\n\n\n\n<li><a href=\"https:\/\/www.goiania.go.gov.br\/arg\/wp-content\/uploads\/sites\/19\/2025\/03\/Apendice-F-Sao-Domingos-minuta.pdf\">Ap\u00eandice F S\u00e3o Domingos &#8211; minuta<\/a><\/li>\n\n\n\n<li><a href=\"https:\/\/www.goiania.go.gov.br\/arg\/wp-content\/uploads\/sites\/19\/2025\/03\/Prognostico-SAO-DOMINGOS_MINUTA.pdf\">Prognostico S\u00c3O DOMINGOS_MINUTA<\/a><\/li>\n<\/ul>\n<\/li>\n\n\n\n<li>Samambaia\n<ul class=\"wp-block-list\">\n<li><a href=\"https:\/\/www.goiania.go.gov.br\/arg\/wp-content\/uploads\/sites\/19\/2025\/03\/Apendice-A-Samambaia-minuta.pdf\">Ap\u00eandice A Samambaia &#8211; minuta<\/a><\/li>\n\n\n\n<li><a href=\"https:\/\/www.goiania.go.gov.br\/arg\/wp-content\/uploads\/sites\/19\/2025\/03\/Apendice-B-Samambaia-minuta.pdf\">Ap\u00eandice B Samambaia &#8211; minuta<\/a><\/li>\n\n\n\n<li><a href=\"https:\/\/www.goiania.go.gov.br\/arg\/wp-content\/uploads\/sites\/19\/2025\/03\/Apendice-C-Samambaia-minuta.pdf\">Ap\u00eandice C Samambaia &#8211; minuta<\/a><\/li>\n\n\n\n<li><a href=\"https:\/\/www.goiania.go.gov.br\/arg\/wp-content\/uploads\/sites\/19\/2025\/03\/Apendice-D-Samambaia-minuta.pdf\">Ap\u00eandice D Samambaia &#8211; minuta<\/a><\/li>\n\n\n\n<li><a href=\"https:\/\/www.goiania.go.gov.br\/arg\/wp-content\/uploads\/sites\/19\/2025\/03\/Prognostico-SAMAMBAIA-sem-apendices-MINUTA.pdf\">Prognostico SAMAMBAIA sem ap\u00eandices &#8211; MINUTA<\/a><\/li>\n<\/ul>\n<\/li>\n\n\n\n<li>Taquaral\n<ul class=\"wp-block-list\">\n<li><a href=\"https:\/\/www.goiania.go.gov.br\/arg\/wp-content\/uploads\/sites\/19\/2025\/03\/Apendice-A-Taquaral-minuta.pdf\">Ap\u00eandice A Taquaral &#8211; minuta<\/a><\/li>\n\n\n\n<li><a href=\"https:\/\/www.goiania.go.gov.br\/arg\/wp-content\/uploads\/sites\/19\/2025\/03\/Apendice-B-Taquaral-minuta.pdf\">Ap\u00eandice B Taquaral &#8211; minuta<\/a><\/li>\n\n\n\n<li><a href=\"https:\/\/www.goiania.go.gov.br\/arg\/wp-content\/uploads\/sites\/19\/2025\/03\/Apendice-C-Taquaral-minuta.pdf\">Ap\u00eandice C Taquaral &#8211; minuta<\/a><\/li>\n\n\n\n<li><a href=\"https:\/\/www.goiania.go.gov.br\/arg\/wp-content\/uploads\/sites\/19\/2025\/03\/Apendice-D-Taquaral-minuta.pdf\">Ap\u00eandice D Taquaral &#8211; minuta<\/a><\/li>\n\n\n\n<li><a href=\"https:\/\/www.goiania.go.gov.br\/arg\/wp-content\/uploads\/sites\/19\/2025\/03\/Apendice-E-Taquaral-minuta.pdf\">Ap\u00eandice E Taquaral &#8211; minuta<\/a><\/li>\n\n\n\n<li><a href=\"https:\/\/www.goiania.go.gov.br\/arg\/wp-content\/uploads\/sites\/19\/2025\/03\/Apendice-F-Taquaral-minuta.pdf\">Ap\u00eandice F Taquaral &#8211; minuta<\/a><\/li>\n\n\n\n<li><a href=\"https:\/\/www.goiania.go.gov.br\/arg\/wp-content\/uploads\/sites\/19\/2025\/03\/Apendice-G-Taquaral-minuta.pdf\">Ap\u00eandice G Taquaral &#8211; minuta<\/a><\/li>\n\n\n\n<li><a href=\"https:\/\/www.goiania.go.gov.br\/arg\/wp-content\/uploads\/sites\/19\/2025\/03\/Prognostico-TAQUARAL-sem-apendices-MINUTA.pdf\">Prognostico TAQUARAL sem ap\u00eandices &#8211; MINUTA<\/a><\/li>\n<\/ul>\n<\/li>\n<\/ul>\n\n\n\n<p><strong>Formul\u00e1rio<\/strong><\/p>\n\n\n\n<ul class=\"wp-block-list\">\n<li><a href=\"https:\/\/docs.google.com\/forms\/d\/e\/1FAIpQLSepwG4rwRu31ws7HQ2xUh9_zKFHWgFwLzOHnL35Yd3nyKd-_A\/viewform\">Fo<\/a><a href=\"https:\/\/docs.google.com\/forms\/d\/e\/1FAIpQLSepwG4rwRu31ws7HQ2xUh9_zKFHWgFwLzOHnL35Yd3nyKd-_A\/viewform\" target=\"_blank\" rel=\"noreferrer noopener\">rm<\/a><a href=\"https:\/\/docs.google.com\/forms\/d\/e\/1FAIpQLSepwG4rwRu31ws7HQ2xUh9_zKFHWgFwLzOHnL35Yd3nyKd-_A\/viewform\">ul\u00e1rio<\/a><\/li>\n<\/ul>\n","protected":false},"excerpt":{"rendered":"<p>Aviso Inscri\u00e7\u00f5es Diagn\u00f3sticos Progn\u00f3stico Formul\u00e1rio<\/p>\n","protected":false},"author":1,"featured_media":0,"parent":604,"menu_order":3,"comment_status":"closed","ping_status":"closed","template":"","meta":{"_acf_changed":false,"custom_icon_class":"","footnotes":""},"class_list":["post-1020","page","type-page","status-publish","hentry"],"acf":[],"_links":{"self":[{"href":"https:\/\/www.goiania.go.gov.br\/arg\/wp-json\/wp\/v2\/pages\/1020","targetHints":{"allow":["GET"]}}],"collection":[{"href":"https:\/\/www.goiania.go.gov.br\/arg\/wp-json\/wp\/v2\/pages"}],"about":[{"href":"https:\/\/www.goiania.go.gov.br\/arg\/wp-json\/wp\/v2\/types\/page"}],"author":[{"embeddable":true,"href":"https:\/\/www.goiania.go.gov.br\/arg\/wp-json\/wp\/v2\/users\/1"}],"replies":[{"embeddable":true,"href":"https:\/\/www.goiania.go.gov.br\/arg\/wp-json\/wp\/v2\/comments?post=1020"}],"version-history":[{"count":10,"href":"https:\/\/www.goiania.go.gov.br\/arg\/wp-json\/wp\/v2\/pages\/1020\/revisions"}],"predecessor-version":[{"id":1345,"href":"https:\/\/www.goiania.go.gov.br\/arg\/wp-json\/wp\/v2\/pages\/1020\/revisions\/1345"}],"up":[{"embeddable":true,"href":"https:\/\/www.goiania.go.gov.br\/arg\/wp-json\/wp\/v2\/pages\/604"}],"wp:attachment":[{"href":"https:\/\/www.goiania.go.gov.br\/arg\/wp-json\/wp\/v2\/media?parent=1020"}],"curies":[{"name":"wp","href":"https:\/\/api.w.org\/{rel}","templated":true}]}}