{"id":1001,"date":"2025-01-24T09:09:24","date_gmt":"2025-01-24T12:09:24","guid":{"rendered":"https:\/\/www.goiania.go.gov.br\/arg\/?page_id=1001"},"modified":"2025-01-27T14:10:26","modified_gmt":"2025-01-27T17:10:26","slug":"agenda-regulatoria","status":"publish","type":"page","link":"https:\/\/www.goiania.go.gov.br\/arg\/agenda-regulatoria\/","title":{"rendered":"Agenda Regulat\u00f3ria"},"content":{"rendered":"\n<h2 class=\"wp-block-heading\">Nota T\u00e9cnica<\/h2>\n\n\n\n<ul class=\"wp-block-list\">\n<li><a href=\"https:\/\/www.goiania.go.gov.br\/arg\/wp-content\/uploads\/sites\/19\/2025\/01\/Nota-Tecnica-no-3-2024-\u2013-DIRREG.pdf\" target=\"_blank\" rel=\"noreferrer noopener\">Nota T\u00e9cnica n\u00ba 3\/2024 \u2013 DIRREG<\/a><\/li>\n<\/ul>\n\n\n\n<h2 class=\"wp-block-heading\">Relat\u00f3rio<\/h2>\n\n\n\n<ul class=\"wp-block-list\">\n<li><a href=\"https:\/\/www.goiania.go.gov.br\/arg\/wp-content\/uploads\/sites\/19\/2025\/01\/SEI_5739123_Relatorio_153.pdf\" target=\"_blank\" rel=\"noreferrer noopener\">Relat\u00f3rio n\u00ba 153\/2024 \u2013 DIRREG<\/a><\/li>\n<\/ul>\n\n\n\n<h2 class=\"wp-block-heading\">Resolu\u00e7\u00e3o <\/h2>\n\n\n\n<ul class=\"wp-block-list\">\n<li><a href=\"https:\/\/www.goiania.go.gov.br\/arg\/wp-content\/uploads\/sites\/19\/2025\/01\/Resolucao-Normativa-no-23-2024-\u2013-DIRREG-Agenda-Regulatoria.pdf\" target=\"_blank\" rel=\"noreferrer noopener\">Resolu\u00e7\u00e3o Normativa n\u00ba 23\/2024<\/a><\/li>\n<\/ul>\n","protected":false},"excerpt":{"rendered":"<p>Nota T\u00e9cnica Relat\u00f3rio Resolu\u00e7\u00e3o<\/p>\n","protected":false},"author":1,"featured_media":0,"parent":0,"menu_order":0,"comment_status":"closed","ping_status":"closed","template":"","meta":{"_acf_changed":false,"custom_icon_class":"","footnotes":""},"class_list":["post-1001","page","type-page","status-publish","hentry"],"acf":[],"_links":{"self":[{"href":"https:\/\/www.goiania.go.gov.br\/arg\/wp-json\/wp\/v2\/pages\/1001","targetHints":{"allow":["GET"]}}],"collection":[{"href":"https:\/\/www.goiania.go.gov.br\/arg\/wp-json\/wp\/v2\/pages"}],"about":[{"href":"https:\/\/www.goiania.go.gov.br\/arg\/wp-json\/wp\/v2\/types\/page"}],"author":[{"embeddable":true,"href":"https:\/\/www.goiania.go.gov.br\/arg\/wp-json\/wp\/v2\/users\/1"}],"replies":[{"embeddable":true,"href":"https:\/\/www.goiania.go.gov.br\/arg\/wp-json\/wp\/v2\/comments?post=1001"}],"version-history":[{"count":7,"href":"https:\/\/www.goiania.go.gov.br\/arg\/wp-json\/wp\/v2\/pages\/1001\/revisions"}],"predecessor-version":[{"id":1019,"href":"https:\/\/www.goiania.go.gov.br\/arg\/wp-json\/wp\/v2\/pages\/1001\/revisions\/1019"}],"wp:attachment":[{"href":"https:\/\/www.goiania.go.gov.br\/arg\/wp-json\/wp\/v2\/media?parent=1001"}],"curies":[{"name":"wp","href":"https:\/\/api.w.org\/{rel}","templated":true}]}}