{"id":472,"date":"2025-10-20T15:04:14","date_gmt":"2025-10-20T18:04:14","guid":{"rendered":"https:\/\/www.goiania.go.gov.br\/amma\/?page_id=472"},"modified":"2025-10-22T11:38:45","modified_gmt":"2025-10-22T14:38:45","slug":"planos-de-manejo-de-parques","status":"publish","type":"page","link":"https:\/\/www.goiania.go.gov.br\/amma\/planos-de-manejo-de-parques\/","title":{"rendered":"Planos de Manejo de Parques"},"content":{"rendered":"\n<p>O Plano de Manejo \u00e9 um documento t\u00e9cnico que estabelece o zoneamento, as normas de uso e o manejo dos recursos naturais de uma Unidade de Conserva\u00e7\u00e3o (UC). \u00c9 fundamental para a sustentabilidade, ordenamento e fiscaliza\u00e7\u00e3o dessas \u00e1reas.<br><br>A publiciza\u00e7\u00e3o dos planos de manejo dos parques se fundamenta nos seguintes pilares:<br>\u2022 Princ\u00edpio da publicidade e transpar\u00eancia;<br>\u2022 Educa\u00e7\u00e3o ambiental e participa\u00e7\u00e3o cidad\u00e3;<br>\u2022 Apoio a empreendimentos e eventos;<br>\u2022 Melhoria da gest\u00e3o.<br><br>A publica\u00e7\u00e3o digital dos Planos de Manejo constitui um avan\u00e7o na gest\u00e3o ambiental municipal, promove a transpar\u00eancia, o controle social e a valoriza\u00e7\u00e3o do patrim\u00f4nio natural de Goi\u00e2nia.<\/p>\n","protected":false},"excerpt":{"rendered":"<p>O Plano de Manejo \u00e9 um documento t\u00e9cnico que estabelece o zoneamento, as normas de uso e o manejo dos recursos naturais de uma Unidade de Conserva\u00e7\u00e3o (UC). \u00c9 fundamental para a sustentabilidade, ordenamento e fiscaliza\u00e7\u00e3o dessas \u00e1reas. A publiciza\u00e7\u00e3o dos planos de manejo dos parques se fundamenta nos seguintes pilares:\u2022 Princ\u00edpio da publicidade e [&hellip;]<\/p>\n","protected":false},"author":1,"featured_media":0,"parent":0,"menu_order":0,"comment_status":"closed","ping_status":"closed","template":"page-templates\/page-docs.php","meta":{"_acf_changed":false,"custom_icon_class":"","footnotes":""},"class_list":["post-472","page","type-page","status-publish","hentry"],"acf":[],"_links":{"self":[{"href":"https:\/\/www.goiania.go.gov.br\/amma\/wp-json\/wp\/v2\/pages\/472","targetHints":{"allow":["GET"]}}],"collection":[{"href":"https:\/\/www.goiania.go.gov.br\/amma\/wp-json\/wp\/v2\/pages"}],"about":[{"href":"https:\/\/www.goiania.go.gov.br\/amma\/wp-json\/wp\/v2\/types\/page"}],"author":[{"embeddable":true,"href":"https:\/\/www.goiania.go.gov.br\/amma\/wp-json\/wp\/v2\/users\/1"}],"replies":[{"embeddable":true,"href":"https:\/\/www.goiania.go.gov.br\/amma\/wp-json\/wp\/v2\/comments?post=472"}],"version-history":[{"count":10,"href":"https:\/\/www.goiania.go.gov.br\/amma\/wp-json\/wp\/v2\/pages\/472\/revisions"}],"predecessor-version":[{"id":498,"href":"https:\/\/www.goiania.go.gov.br\/amma\/wp-json\/wp\/v2\/pages\/472\/revisions\/498"}],"wp:attachment":[{"href":"https:\/\/www.goiania.go.gov.br\/amma\/wp-json\/wp\/v2\/media?parent=472"}],"curies":[{"name":"wp","href":"https:\/\/api.w.org\/{rel}","templated":true}]}}