{"id":45,"date":"2019-05-13T11:37:32","date_gmt":"2020-05-14T13:47:19","guid":{"rendered":"https:\/\/www.goiania.go.gov.br\/amma\/?page_id=45"},"modified":"2026-02-03T11:06:41","modified_gmt":"2026-02-03T14:06:41","slug":"termos-e-requerimentos-para-licenciamento","status":"publish","type":"page","link":"https:\/\/www.goiania.go.gov.br\/amma\/termos-e-requerimentos-para-licenciamento\/","title":{"rendered":"Termos e requerimentos"},"content":{"rendered":"\n<ul class=\"wp-block-list\">\n<li><strong><a href=\"https:\/\/www.goiania.go.gov.br\/amma\/wp-content\/uploads\/sites\/22\/2022\/12\/TERMO-REFERENCIA-PGRCD-PLANO-DE-GERENCIAMENTO-DE-RESIDUOS-DA-CONSTRUCAO-E-DEMOLICAO-CIVIL.pdf\">Termo de Refer\u00eancia Plano de Gerenciamento de Res\u00edduos da Constru\u00e7\u00e3o e Demoli\u00e7\u00e3o Civil (PGRCD) <\/a><\/strong><\/li>\n<\/ul>\n\n\n\n<ul class=\"wp-block-list\">\n<li><strong><a href=\"https:\/\/www.goiania.go.gov.br\/amma\/wp-content\/uploads\/sites\/22\/2023\/04\/TERMO-REFERENCIA-PGRS.pdf\"><\/a><strong><a href=\"https:\/\/www.goiania.go.gov.br\/amma\/wp-content\/uploads\/sites\/22\/2023\/04\/TERMO-REFERENCIA-PGRS.pdf\">Termo de Refer\u00eancia Plano de Gerenciamento de Res\u00edduos S\u00f3lidos (PGRS)<\/a><\/strong><\/strong><\/li>\n<\/ul>\n\n\n\n<ul class=\"wp-block-list\">\n<li><strong><a href=\"https:\/\/www10.goiania.go.gov.br\/Internet\/Login.aspx?OriginalURL=https%3a%2f%2fwww10.goiania.go.gov.br%2fsicaeportal%2fHomePage.aspx\">Requerimento Vistoria T\u00e9cnica Poda e\/ou Extirpa\u00e7\u00e3o de \u00c1rvore<\/a><\/strong><\/li>\n<\/ul>\n\n\n\n<ul class=\"wp-block-list\">\n<li><a href=\"https:\/\/www.goiania.go.gov.br\/amma\/wp-content\/uploads\/sites\/22\/2023\/09\/REQUERIMENTO-SOM-EM-EVENTOS-PARQUE-PRACA-2023-SUPGAL.pdf\"><strong>Requerimento para autoriza\u00e7\u00e3o para realiza\u00e7\u00e3o de evento em parque e bosque\/pra\u00e7a<\/strong><\/a><\/li>\n<\/ul>\n\n\n\n<ul class=\"wp-block-list\">\n<li><a href=\"https:\/\/www.goiania.go.gov.br\/amma\/wp-content\/uploads\/sites\/22\/2022\/12\/TERMO-DE-REFERENCIA-PGRCC-RESIDUOS-DA-CONSTRUCAO-CIVILverificacAo.pdf\"><strong>Programa de Gerenciamento de Res\u00edduos da Constru\u00e7\u00e3o Civil e Demoli\u00e7\u00e3o (PGRCCD)<\/strong><\/a><\/li>\n<\/ul>\n","protected":false},"excerpt":{"rendered":"","protected":false},"author":1,"featured_media":0,"parent":0,"menu_order":0,"comment_status":"closed","ping_status":"closed","template":"","meta":{"_acf_changed":false,"custom_icon_class":"","footnotes":""},"class_list":["post-45","page","type-page","status-publish","hentry"],"acf":[],"_links":{"self":[{"href":"https:\/\/www.goiania.go.gov.br\/amma\/wp-json\/wp\/v2\/pages\/45","targetHints":{"allow":["GET"]}}],"collection":[{"href":"https:\/\/www.goiania.go.gov.br\/amma\/wp-json\/wp\/v2\/pages"}],"about":[{"href":"https:\/\/www.goiania.go.gov.br\/amma\/wp-json\/wp\/v2\/types\/page"}],"author":[{"embeddable":true,"href":"https:\/\/www.goiania.go.gov.br\/amma\/wp-json\/wp\/v2\/users\/1"}],"replies":[{"embeddable":true,"href":"https:\/\/www.goiania.go.gov.br\/amma\/wp-json\/wp\/v2\/comments?post=45"}],"version-history":[{"count":10,"href":"https:\/\/www.goiania.go.gov.br\/amma\/wp-json\/wp\/v2\/pages\/45\/revisions"}],"predecessor-version":[{"id":510,"href":"https:\/\/www.goiania.go.gov.br\/amma\/wp-json\/wp\/v2\/pages\/45\/revisions\/510"}],"wp:attachment":[{"href":"https:\/\/www.goiania.go.gov.br\/amma\/wp-json\/wp\/v2\/media?parent=45"}],"curies":[{"name":"wp","href":"https:\/\/api.w.org\/{rel}","templated":true}]}}