{"id":430,"date":"2023-11-20T10:10:36","date_gmt":"2023-11-20T13:10:36","guid":{"rendered":"https:\/\/www.goiania.go.gov.br\/amma\/?page_id=430"},"modified":"2025-11-10T09:04:28","modified_gmt":"2025-11-10T12:04:28","slug":"premio-goiania-sustentavel","status":"publish","type":"page","link":"https:\/\/www.goiania.go.gov.br\/amma\/premio-goiania-sustentavel\/","title":{"rendered":"Pr\u00eamio Goi\u00e2nia Sustent\u00e1vel"},"content":{"rendered":"\n<h2 class=\"wp-block-heading\">3\u00ba Pr\u00eamio Goi\u00e2nia Sustent\u00e1vel<\/h2>\n\n\n\n<ul class=\"wp-block-list\">\n<li><a href=\"https:\/\/www.goiania.go.gov.br\/amma\/wp-content\/uploads\/sites\/22\/2025\/11\/Edital-Premio-Goiania-Sustentavel.pdf\" target=\"_blank\" rel=\"noreferrer noopener\">Regulamento<\/a><\/li>\n\n\n\n<li><a href=\"https:\/\/docs.google.com\/forms\/d\/e\/1FAIpQLSdjekq9sedtSwj4w4MHshvDIsN7X9t2VX3EWUXreIYY1KG8dQ\/viewform?usp=sharing&amp;ouid=113847013309194826561\" target=\"_blank\" rel=\"noreferrer noopener\">Inscri\u00e7\u00e3o<\/a><\/li>\n<\/ul>\n\n\n\n<h2 class=\"wp-block-heading\">2\u00ba Pr\u00eamio Goi\u00e2nia Sustent\u00e1vel<\/h2>\n\n\n\n<ul class=\"wp-block-list\">\n<li><a rel=\"noreferrer noopener\" href=\"https:\/\/www.goiania.go.gov.br\/amma\/wp-content\/uploads\/sites\/22\/2023\/11\/Regulamento.pdf\" target=\"_blank\">Regulamento<\/a><\/li>\n\n\n\n<li><a rel=\"noreferrer noopener\" href=\"https:\/\/docs.google.com\/forms\/d\/e\/1FAIpQLSeFPnceTJ_hw0ypX0idh5BkoLnb1HFU9KlnxeGdw5662wTCyw\/viewform\" target=\"_blank\">Inscri\u00e7\u00e3o<\/a><\/li>\n<\/ul>\n\n\n\n<p><\/p>\n","protected":false},"excerpt":{"rendered":"<p>3\u00ba Pr\u00eamio Goi\u00e2nia Sustent\u00e1vel 2\u00ba Pr\u00eamio Goi\u00e2nia Sustent\u00e1vel<\/p>\n","protected":false},"author":1,"featured_media":0,"parent":0,"menu_order":0,"comment_status":"closed","ping_status":"closed","template":"","meta":{"_acf_changed":false,"custom_icon_class":"","footnotes":""},"class_list":["post-430","page","type-page","status-publish","hentry"],"acf":[],"_links":{"self":[{"href":"https:\/\/www.goiania.go.gov.br\/amma\/wp-json\/wp\/v2\/pages\/430","targetHints":{"allow":["GET"]}}],"collection":[{"href":"https:\/\/www.goiania.go.gov.br\/amma\/wp-json\/wp\/v2\/pages"}],"about":[{"href":"https:\/\/www.goiania.go.gov.br\/amma\/wp-json\/wp\/v2\/types\/page"}],"author":[{"embeddable":true,"href":"https:\/\/www.goiania.go.gov.br\/amma\/wp-json\/wp\/v2\/users\/1"}],"replies":[{"embeddable":true,"href":"https:\/\/www.goiania.go.gov.br\/amma\/wp-json\/wp\/v2\/comments?post=430"}],"version-history":[{"count":3,"href":"https:\/\/www.goiania.go.gov.br\/amma\/wp-json\/wp\/v2\/pages\/430\/revisions"}],"predecessor-version":[{"id":503,"href":"https:\/\/www.goiania.go.gov.br\/amma\/wp-json\/wp\/v2\/pages\/430\/revisions\/503"}],"wp:attachment":[{"href":"https:\/\/www.goiania.go.gov.br\/amma\/wp-json\/wp\/v2\/media?parent=430"}],"curies":[{"name":"wp","href":"https:\/\/api.w.org\/{rel}","templated":true}]}}