{"id":4,"date":"2019-05-13T11:37:32","date_gmt":"2019-06-05T14:34:16","guid":{"rendered":"http:\/\/localhost\/goiania-site\/public_html\/secbase\/?page_id=81"},"modified":"2022-08-22T13:19:45","modified_gmt":"2022-08-22T16:19:45","slug":"sobre-a-secretaria","status":"publish","type":"page","link":"https:\/\/www.goiania.go.gov.br\/amma\/sobre-a-secretaria\/","title":{"rendered":"Sobre a Secretaria"},"content":{"rendered":"\n<p>A Ag\u00eancia Municipal do Meio Ambiente (Amma) foi criada pela Lei 8537, de 20 de junho de 2007, e substituiu a extinta Secretaria Municipal do Meio Ambiente (Semma). Trata-se de uma autarquia municipal, com autonomia administrativa, financeira e patrimonial, que integra a estrutura administrativa indireta da Prefeitura de Goi\u00e2nia e \u00e9 jurisdicionada \u00e0 Secretaria de Governo. \u00c9 o \u00f3rg\u00e3o que tem como finalidade formular, implementar e coordenar a execu\u00e7\u00e3o da Pol\u00edtica Municipal do Meio Ambiente, voltada para o desenvolvimento sustent\u00e1vel, no \u00e2mbito do territ\u00f3rio municipal. <\/p>\n\n\n\n<p><\/p>\n","protected":false},"excerpt":{"rendered":"<p>A Ag\u00eancia Municipal do Meio Ambiente (Amma) foi criada pela Lei 8537, de 20 de junho de 2007, e substituiu a extinta Secretaria Municipal do Meio Ambiente (Semma). Trata-se de uma autarquia municipal, com autonomia administrativa, financeira e patrimonial, que integra a estrutura administrativa indireta da Prefeitura de Goi\u00e2nia e \u00e9 jurisdicionada \u00e0 Secretaria de [&hellip;]<\/p>\n","protected":false},"author":1,"featured_media":0,"parent":0,"menu_order":0,"comment_status":"closed","ping_status":"closed","template":"","meta":{"_acf_changed":false,"custom_icon_class":"","footnotes":""},"class_list":["post-4","page","type-page","status-publish","hentry"],"acf":[],"_links":{"self":[{"href":"https:\/\/www.goiania.go.gov.br\/amma\/wp-json\/wp\/v2\/pages\/4","targetHints":{"allow":["GET"]}}],"collection":[{"href":"https:\/\/www.goiania.go.gov.br\/amma\/wp-json\/wp\/v2\/pages"}],"about":[{"href":"https:\/\/www.goiania.go.gov.br\/amma\/wp-json\/wp\/v2\/types\/page"}],"author":[{"embeddable":true,"href":"https:\/\/www.goiania.go.gov.br\/amma\/wp-json\/wp\/v2\/users\/1"}],"replies":[{"embeddable":true,"href":"https:\/\/www.goiania.go.gov.br\/amma\/wp-json\/wp\/v2\/comments?post=4"}],"version-history":[{"count":1,"href":"https:\/\/www.goiania.go.gov.br\/amma\/wp-json\/wp\/v2\/pages\/4\/revisions"}],"predecessor-version":[{"id":42,"href":"https:\/\/www.goiania.go.gov.br\/amma\/wp-json\/wp\/v2\/pages\/4\/revisions\/42"}],"wp:attachment":[{"href":"https:\/\/www.goiania.go.gov.br\/amma\/wp-json\/wp\/v2\/media?parent=4"}],"curies":[{"name":"wp","href":"https:\/\/api.w.org\/{rel}","templated":true}]}}