{"id":314,"date":"2022-07-27T17:56:51","date_gmt":"2022-07-27T20:56:51","guid":{"rendered":"https:\/\/www.goiania.go.gov.br\/amma\/?page_id=314"},"modified":"2022-07-28T09:46:09","modified_gmt":"2022-07-28T12:46:09","slug":"inventario-de-emissao-de-gases-estufa-de-goiania","status":"publish","type":"page","link":"https:\/\/www.goiania.go.gov.br\/amma\/inventario-de-emissao-de-gases-estufa-de-goiania\/","title":{"rendered":"Invent\u00e1rio de Emiss\u00e3o de Gases Estufa de Goi\u00e2nia"},"content":{"rendered":"","protected":false},"excerpt":{"rendered":"","protected":false},"author":1,"featured_media":0,"parent":0,"menu_order":0,"comment_status":"closed","ping_status":"closed","template":"page-templates\/page-docs.php","meta":{"_acf_changed":false,"custom_icon_class":"","footnotes":""},"class_list":["post-314","page","type-page","status-publish","hentry"],"acf":[],"_links":{"self":[{"href":"https:\/\/www.goiania.go.gov.br\/amma\/wp-json\/wp\/v2\/pages\/314","targetHints":{"allow":["GET"]}}],"collection":[{"href":"https:\/\/www.goiania.go.gov.br\/amma\/wp-json\/wp\/v2\/pages"}],"about":[{"href":"https:\/\/www.goiania.go.gov.br\/amma\/wp-json\/wp\/v2\/types\/page"}],"author":[{"embeddable":true,"href":"https:\/\/www.goiania.go.gov.br\/amma\/wp-json\/wp\/v2\/users\/1"}],"replies":[{"embeddable":true,"href":"https:\/\/www.goiania.go.gov.br\/amma\/wp-json\/wp\/v2\/comments?post=314"}],"version-history":[{"count":9,"href":"https:\/\/www.goiania.go.gov.br\/amma\/wp-json\/wp\/v2\/pages\/314\/revisions"}],"predecessor-version":[{"id":334,"href":"https:\/\/www.goiania.go.gov.br\/amma\/wp-json\/wp\/v2\/pages\/314\/revisions\/334"}],"wp:attachment":[{"href":"https:\/\/www.goiania.go.gov.br\/amma\/wp-json\/wp\/v2\/media?parent=314"}],"curies":[{"name":"wp","href":"https:\/\/api.w.org\/{rel}","templated":true}]}}