{"id":3,"date":"2019-05-13T11:37:32","date_gmt":"2019-05-13T14:37:32","guid":{"rendered":"http:\/\/localhost\/goiania-site\/public_html\/?page_id=739"},"modified":"2026-01-20T10:24:07","modified_gmt":"2026-01-20T13:24:07","slug":"fale-conosco","status":"publish","type":"page","link":"https:\/\/www.goiania.go.gov.br\/amma\/fale-conosco\/","title":{"rendered":"Fale Conosco"},"content":{"rendered":"\n<p>Atendimento presencial<\/p>\n\n\n\n<p><strong>Servi\u00e7os prestados:<\/strong><\/p>\n\n\n\n<p>\u2022 Abertura de processo de an\u00e1lise arb\u00f3rea para poda\/extirpa\u00e7\u00e3o<br>\u2022 Autoriza\u00e7\u00e3o para uso de parques e pra\u00e7as<\/p>\n\n\n\n<p>Endere\u00e7o: Rua 75, esq. c\/ Rua 66, n. 137, Centro, Goi\u00e2nia (GO). CEP: 74055-110<br>Atendimento: segunda a sexta, das 8h \u00e0s 18h<br><\/p>\n\n\n\n<p><strong>Ger\u00eancia de Manejo de Fauna Silvestre<br><\/strong>Telefone: (62) 3524-1422<\/p>\n\n\n\n<p><strong>Servi\u00e7os prestados:<br><\/strong>Resgates de animais silvestres machucados ou debilitados.<br>Funciona de segunda a sexta, das 8h \u00e0s 17h, via aplicativo Goi\u00e2nia 24 H (Gyn 24h)<\/p>\n\n\n\n<p><strong>Ger\u00eancia de Bem-Estar Animal<br><\/strong>Telefone: (62) 3030-2811<br>E-mail: bemestaranimalamma@gmail.com<br>Atendimento: segunda a sexta, das 8h \u00e0s 11h30 &#8211; 13h \u00e0s 18h.<\/p>\n\n\n\n<p><strong>Servi\u00e7os prestados:<br><\/strong>Cadastro de castra\u00e7\u00e3o<strong><br><\/strong>Den\u00fancia de abandono e maus-tratos (GPA &#8211; Pol\u00edcia)<strong><br><\/strong>Cadastro de protetores independentes, abrigos e animais comunit\u00e1rios<br>* Orienta\u00e7\u00f5es para cadastramento no SinPatinhas<\/p>\n\n\n\n<p><\/p>\n\n\n\n<p><\/p>\n\n\n\n<p><\/p>\n\n\n\n<p><\/p>\n\n\n\n<p><\/p>\n","protected":false},"excerpt":{"rendered":"<p>Atendimento presencial Servi\u00e7os prestados: \u2022 Abertura de processo de an\u00e1lise arb\u00f3rea para poda\/extirpa\u00e7\u00e3o\u2022 Autoriza\u00e7\u00e3o para uso de parques e pra\u00e7as Endere\u00e7o: Rua 75, esq. c\/ Rua 66, n. 137, Centro, Goi\u00e2nia (GO). CEP: 74055-110Atendimento: segunda a sexta, das 8h \u00e0s 18h Ger\u00eancia de Manejo de Fauna SilvestreTelefone: (62) 3524-1422 Servi\u00e7os prestados:Resgates de animais silvestres machucados [&hellip;]<\/p>\n","protected":false},"author":1,"featured_media":0,"parent":0,"menu_order":1,"comment_status":"closed","ping_status":"closed","template":"","meta":{"_acf_changed":false,"custom_icon_class":"","footnotes":""},"class_list":["post-3","page","type-page","status-publish","hentry"],"acf":[],"_links":{"self":[{"href":"https:\/\/www.goiania.go.gov.br\/amma\/wp-json\/wp\/v2\/pages\/3","targetHints":{"allow":["GET"]}}],"collection":[{"href":"https:\/\/www.goiania.go.gov.br\/amma\/wp-json\/wp\/v2\/pages"}],"about":[{"href":"https:\/\/www.goiania.go.gov.br\/amma\/wp-json\/wp\/v2\/types\/page"}],"author":[{"embeddable":true,"href":"https:\/\/www.goiania.go.gov.br\/amma\/wp-json\/wp\/v2\/users\/1"}],"replies":[{"embeddable":true,"href":"https:\/\/www.goiania.go.gov.br\/amma\/wp-json\/wp\/v2\/comments?post=3"}],"version-history":[{"count":6,"href":"https:\/\/www.goiania.go.gov.br\/amma\/wp-json\/wp\/v2\/pages\/3\/revisions"}],"predecessor-version":[{"id":506,"href":"https:\/\/www.goiania.go.gov.br\/amma\/wp-json\/wp\/v2\/pages\/3\/revisions\/506"}],"wp:attachment":[{"href":"https:\/\/www.goiania.go.gov.br\/amma\/wp-json\/wp\/v2\/media?parent=3"}],"curies":[{"name":"wp","href":"https:\/\/api.w.org\/{rel}","templated":true}]}}